{"id":140778,"date":"2025-09-25T11:26:13","date_gmt":"2025-09-25T09:26:13","guid":{"rendered":"https:\/\/castelldor.com\/producto\/vi-negre-seleccio-castell-dor\/"},"modified":"2025-09-25T12:21:55","modified_gmt":"2025-09-25T10:21:55","slug":"vinotinto-seleccio-castell-dor","status":"publish","type":"product","link":"https:\/\/castelldor.com\/es\/producto\/vinotinto-seleccio-castell-dor\/","title":{"rendered":"Vino tinto Selecci\u00f3n Castell d&#8217;Or Trepat &#8211; DO Conca de Barber\u00e0"},"content":{"rendered":"<p>Elaborado con la variedad aut\u00f3ctona Trepat. Un vino con m\u00e1s de cuatro meses de reposo en barrica de roble.<\/p>\n<p>&nbsp;<\/p>\n","protected":false},"excerpt":{"rendered":"<p>Elaborado con la variedad aut\u00f3ctona Trepat. Un vino con m\u00e1s de cuatro meses de reposo en barrica de roble. &nbsp;<\/p>\n","protected":false},"featured_media":140773,"comment_status":"closed","ping_status":"closed","template":"","meta":{"_acf_changed":false,"inline_featured_image":false,"neve_meta_sidebar":"","neve_meta_container":"","neve_meta_enable_content_width":"off","neve_meta_content_width":100,"neve_meta_title_alignment":"","neve_meta_author_avatar":"","neve_post_elements_order":"","neve_meta_disable_header":"","neve_meta_disable_footer":"","neve_meta_disable_title":"","neve_meta_reading_time":""},"product_brand":[],"product_cat":[403],"product_tag":[],"marques":[510],"class_list":{"0":"post-140778","1":"product","2":"type-product","3":"status-publish","4":"has-post-thumbnail","6":"product_cat-vins-es","7":"marques-castell-dor","9":"first","10":"instock","11":"taxable","12":"shipping-taxable","13":"purchasable","14":"product-type-simple"},"acf":[],"_links":{"self":[{"href":"https:\/\/castelldor.com\/es\/wp-json\/wp\/v2\/product\/140778","targetHints":{"allow":["GET"]}}],"collection":[{"href":"https:\/\/castelldor.com\/es\/wp-json\/wp\/v2\/product"}],"about":[{"href":"https:\/\/castelldor.com\/es\/wp-json\/wp\/v2\/types\/product"}],"replies":[{"embeddable":true,"href":"https:\/\/castelldor.com\/es\/wp-json\/wp\/v2\/comments?post=140778"}],"wp:featuredmedia":[{"embeddable":true,"href":"https:\/\/castelldor.com\/es\/wp-json\/wp\/v2\/media\/140773"}],"wp:attachment":[{"href":"https:\/\/castelldor.com\/es\/wp-json\/wp\/v2\/media?parent=140778"}],"wp:term":[{"taxonomy":"product_brand","embeddable":true,"href":"https:\/\/castelldor.com\/es\/wp-json\/wp\/v2\/product_brand?post=140778"},{"taxonomy":"product_cat","embeddable":true,"href":"https:\/\/castelldor.com\/es\/wp-json\/wp\/v2\/product_cat?post=140778"},{"taxonomy":"product_tag","embeddable":true,"href":"https:\/\/castelldor.com\/es\/wp-json\/wp\/v2\/product_tag?post=140778"},{"taxonomy":"marques","embeddable":true,"href":"https:\/\/castelldor.com\/es\/wp-json\/wp\/v2\/marques?post=140778"}],"curies":[{"name":"wp","href":"https:\/\/api.w.org\/{rel}","templated":true}]}}