{"id":140560,"date":"2025-09-02T09:54:11","date_gmt":"2025-09-02T07:54:11","guid":{"rendered":"https:\/\/castelldor.com\/producto\/pack-templer\/"},"modified":"2026-03-04T12:28:58","modified_gmt":"2026-03-04T11:28:58","slug":"pack-templer","status":"publish","type":"product","link":"https:\/\/castelldor.com\/es\/producto\/pack-templer\/","title":{"rendered":"Pack Templer"},"content":{"rendered":"<ul>\n<li>3 botellas de <a href=\"https:\/\/castelldor.com\/es\/producto\/vi-negre-crianca-templer\/\">Vino Negro Templer Joven\u00a0<\/a><\/li>\n<li>3 botellas de Vino Negro<a href=\"https:\/\/castelldor.com\/producte\/vi-negre-jove-templer\/\">\u00a0Templer Selecci\u00f3n<\/a><\/li>\n<li>Abridor de vino.<\/li>\n<\/ul>\n","protected":false},"excerpt":{"rendered":"<p>3 botellas de Vino Negro Templer Joven\u00a0 3 botellas de Vino Negro\u00a0Templer Selecci\u00f3n Abridor de vino.<\/p>\n","protected":false},"featured_media":142148,"comment_status":"closed","ping_status":"closed","template":"","meta":{"_acf_changed":false,"inline_featured_image":false,"neve_meta_sidebar":"","neve_meta_container":"","neve_meta_enable_content_width":"off","neve_meta_content_width":100,"neve_meta_title_alignment":"","neve_meta_author_avatar":"","neve_post_elements_order":"","neve_meta_disable_header":"","neve_meta_disable_footer":"","neve_meta_disable_title":"","neve_meta_reading_time":""},"product_brand":[],"product_cat":[404],"product_tag":[],"marques":[33],"class_list":{"0":"post-140560","1":"product","2":"type-product","3":"status-publish","4":"has-post-thumbnail","6":"product_cat-packs-es","7":"marques-templer","9":"first","10":"outofstock","11":"taxable","12":"shipping-taxable","13":"purchasable","14":"product-type-simple"},"acf":[],"yoast_head":"<!-- This site is optimized with the Yoast SEO plugin v27.1.1 - https:\/\/yoast.com\/product\/yoast-seo-wordpress\/ -->\n<title>Pack Templer | Castell d&#039;Or<\/title>\n<meta name=\"description\" content=\"De relieve accidentado y agreste, de terreno calc\u00e1reo, con un clima de grandes contrastes, el macizo monta\u00f1oso del Montsant produce vinos de gran car\u00e1cter.\" \/>\n<meta name=\"robots\" content=\"index, follow, max-snippet:-1, max-image-preview:large, max-video-preview:-1\" \/>\n<link rel=\"canonical\" href=\"https:\/\/castelldor.com\/es\/producto\/pack-templer\/\" \/>\n<meta property=\"og:locale\" content=\"es_ES\" \/>\n<meta property=\"og:type\" content=\"article\" \/>\n<meta property=\"og:title\" content=\"Pack Templer | Castell d&#039;Or\" \/>\n<meta property=\"og:description\" content=\"De relieve accidentado y agreste, de terreno calc\u00e1reo, con un clima de grandes contrastes, el macizo monta\u00f1oso del Montsant produce vinos de gran car\u00e1cter.\" \/>\n<meta property=\"og:url\" content=\"https:\/\/castelldor.com\/es\/producto\/pack-templer\/\" \/>\n<meta property=\"og:site_name\" content=\"Castell d&#039;Or\" \/>\n<meta property=\"article:modified_time\" content=\"2026-03-04T11:28:58+00:00\" \/>\n<meta property=\"og:image\" content=\"https:\/\/castelldor.com\/wp-content\/uploads\/2022\/07\/castelldor-pack-templer2.webp\" \/>\n\t<meta property=\"og:image:width\" content=\"1800\" \/>\n\t<meta property=\"og:image:height\" content=\"2063\" \/>\n\t<meta property=\"og:image:type\" content=\"image\/webp\" \/>\n<meta name=\"twitter:card\" content=\"summary_large_image\" \/>\n<meta name=\"twitter:label1\" content=\"Tiempo de lectura\" \/>\n\t<meta name=\"twitter:data1\" content=\"1 minuto\" \/>\n<script type=\"application\/ld+json\" class=\"yoast-schema-graph\">{\"@context\":\"https:\/\/schema.org\",\"@graph\":[{\"@type\":\"WebPage\",\"@id\":\"https:\/\/castelldor.com\/es\/producto\/pack-templer\/\",\"url\":\"https:\/\/castelldor.com\/es\/producto\/pack-templer\/\",\"name\":\"Pack Templer | Castell d&#039;Or\",\"isPartOf\":{\"@id\":\"https:\/\/castelldor.com\/es\/#website\"},\"primaryImageOfPage\":{\"@id\":\"https:\/\/castelldor.com\/es\/producto\/pack-templer\/#primaryimage\"},\"image\":{\"@id\":\"https:\/\/castelldor.com\/es\/producto\/pack-templer\/#primaryimage\"},\"thumbnailUrl\":\"https:\/\/castelldor.com\/wp-content\/uploads\/2022\/07\/castelldor-pack-templer2.webp\",\"datePublished\":\"2025-09-02T07:54:11+00:00\",\"dateModified\":\"2026-03-04T11:28:58+00:00\",\"description\":\"De relieve accidentado y agreste, de terreno calc\u00e1reo, con un clima de grandes contrastes, el macizo monta\u00f1oso del Montsant produce vinos de gran car\u00e1cter.\",\"breadcrumb\":{\"@id\":\"https:\/\/castelldor.com\/es\/producto\/pack-templer\/#breadcrumb\"},\"inLanguage\":\"es\",\"potentialAction\":[{\"@type\":\"ReadAction\",\"target\":[\"https:\/\/castelldor.com\/es\/producto\/pack-templer\/\"]}]},{\"@type\":\"ImageObject\",\"inLanguage\":\"es\",\"@id\":\"https:\/\/castelldor.com\/es\/producto\/pack-templer\/#primaryimage\",\"url\":\"https:\/\/castelldor.com\/wp-content\/uploads\/2022\/07\/castelldor-pack-templer2.webp\",\"contentUrl\":\"https:\/\/castelldor.com\/wp-content\/uploads\/2022\/07\/castelldor-pack-templer2.webp\",\"width\":1800,\"height\":2063},{\"@type\":\"BreadcrumbList\",\"@id\":\"https:\/\/castelldor.com\/es\/producto\/pack-templer\/#breadcrumb\",\"itemListElement\":[{\"@type\":\"ListItem\",\"position\":1,\"name\":\"Inici\",\"item\":\"https:\/\/castelldor.com\/es\/\"},{\"@type\":\"ListItem\",\"position\":2,\"name\":\"tienda\",\"item\":\"https:\/\/castelldor.com\/es\/tienda\/\"},{\"@type\":\"ListItem\",\"position\":3,\"name\":\"Pack Templer\"}]},{\"@type\":\"WebSite\",\"@id\":\"https:\/\/castelldor.com\/es\/#website\",\"url\":\"https:\/\/castelldor.com\/es\/\",\"name\":\"Castell d&#039;Or\",\"description\":\"Love people, Love wine\",\"publisher\":{\"@id\":\"https:\/\/castelldor.com\/es\/#organization\"},\"potentialAction\":[{\"@type\":\"SearchAction\",\"target\":{\"@type\":\"EntryPoint\",\"urlTemplate\":\"https:\/\/castelldor.com\/es\/?s={search_term_string}\"},\"query-input\":{\"@type\":\"PropertyValueSpecification\",\"valueRequired\":true,\"valueName\":\"search_term_string\"}}],\"inLanguage\":\"es\"},{\"@type\":\"Organization\",\"@id\":\"https:\/\/castelldor.com\/es\/#organization\",\"name\":\"Castell d'Or\",\"url\":\"https:\/\/castelldor.com\/es\/\",\"logo\":{\"@type\":\"ImageObject\",\"inLanguage\":\"es\",\"@id\":\"https:\/\/castelldor.com\/es\/#\/schema\/logo\/image\/\",\"url\":\"https:\/\/castelldor.com\/wp-content\/uploads\/2022\/08\/Castell-dor-blanc.svg\",\"contentUrl\":\"https:\/\/castelldor.com\/wp-content\/uploads\/2022\/08\/Castell-dor-blanc.svg\",\"width\":169,\"height\":61,\"caption\":\"Castell d'Or\"},\"image\":{\"@id\":\"https:\/\/castelldor.com\/es\/#\/schema\/logo\/image\/\"}}]}<\/script>\n<!-- \/ Yoast SEO plugin. -->","yoast_head_json":{"title":"Pack Templer | Castell d&#039;Or","description":"De relieve accidentado y agreste, de terreno calc\u00e1reo, con un clima de grandes contrastes, el macizo monta\u00f1oso del Montsant produce vinos de gran car\u00e1cter.","robots":{"index":"index","follow":"follow","max-snippet":"max-snippet:-1","max-image-preview":"max-image-preview:large","max-video-preview":"max-video-preview:-1"},"canonical":"https:\/\/castelldor.com\/es\/producto\/pack-templer\/","og_locale":"es_ES","og_type":"article","og_title":"Pack Templer | Castell d&#039;Or","og_description":"De relieve accidentado y agreste, de terreno calc\u00e1reo, con un clima de grandes contrastes, el macizo monta\u00f1oso del Montsant produce vinos de gran car\u00e1cter.","og_url":"https:\/\/castelldor.com\/es\/producto\/pack-templer\/","og_site_name":"Castell d&#039;Or","article_modified_time":"2026-03-04T11:28:58+00:00","og_image":[{"width":1800,"height":2063,"url":"https:\/\/castelldor.com\/wp-content\/uploads\/2022\/07\/castelldor-pack-templer2.webp","type":"image\/webp"}],"twitter_card":"summary_large_image","twitter_misc":{"Tiempo de lectura":"1 minuto"},"schema":{"@context":"https:\/\/schema.org","@graph":[{"@type":"WebPage","@id":"https:\/\/castelldor.com\/es\/producto\/pack-templer\/","url":"https:\/\/castelldor.com\/es\/producto\/pack-templer\/","name":"Pack Templer | Castell d&#039;Or","isPartOf":{"@id":"https:\/\/castelldor.com\/es\/#website"},"primaryImageOfPage":{"@id":"https:\/\/castelldor.com\/es\/producto\/pack-templer\/#primaryimage"},"image":{"@id":"https:\/\/castelldor.com\/es\/producto\/pack-templer\/#primaryimage"},"thumbnailUrl":"https:\/\/castelldor.com\/wp-content\/uploads\/2022\/07\/castelldor-pack-templer2.webp","datePublished":"2025-09-02T07:54:11+00:00","dateModified":"2026-03-04T11:28:58+00:00","description":"De relieve accidentado y agreste, de terreno calc\u00e1reo, con un clima de grandes contrastes, el macizo monta\u00f1oso del Montsant produce vinos de gran car\u00e1cter.","breadcrumb":{"@id":"https:\/\/castelldor.com\/es\/producto\/pack-templer\/#breadcrumb"},"inLanguage":"es","potentialAction":[{"@type":"ReadAction","target":["https:\/\/castelldor.com\/es\/producto\/pack-templer\/"]}]},{"@type":"ImageObject","inLanguage":"es","@id":"https:\/\/castelldor.com\/es\/producto\/pack-templer\/#primaryimage","url":"https:\/\/castelldor.com\/wp-content\/uploads\/2022\/07\/castelldor-pack-templer2.webp","contentUrl":"https:\/\/castelldor.com\/wp-content\/uploads\/2022\/07\/castelldor-pack-templer2.webp","width":1800,"height":2063},{"@type":"BreadcrumbList","@id":"https:\/\/castelldor.com\/es\/producto\/pack-templer\/#breadcrumb","itemListElement":[{"@type":"ListItem","position":1,"name":"Inici","item":"https:\/\/castelldor.com\/es\/"},{"@type":"ListItem","position":2,"name":"tienda","item":"https:\/\/castelldor.com\/es\/tienda\/"},{"@type":"ListItem","position":3,"name":"Pack Templer"}]},{"@type":"WebSite","@id":"https:\/\/castelldor.com\/es\/#website","url":"https:\/\/castelldor.com\/es\/","name":"Castell d&#039;Or","description":"Love people, Love wine","publisher":{"@id":"https:\/\/castelldor.com\/es\/#organization"},"potentialAction":[{"@type":"SearchAction","target":{"@type":"EntryPoint","urlTemplate":"https:\/\/castelldor.com\/es\/?s={search_term_string}"},"query-input":{"@type":"PropertyValueSpecification","valueRequired":true,"valueName":"search_term_string"}}],"inLanguage":"es"},{"@type":"Organization","@id":"https:\/\/castelldor.com\/es\/#organization","name":"Castell d'Or","url":"https:\/\/castelldor.com\/es\/","logo":{"@type":"ImageObject","inLanguage":"es","@id":"https:\/\/castelldor.com\/es\/#\/schema\/logo\/image\/","url":"https:\/\/castelldor.com\/wp-content\/uploads\/2022\/08\/Castell-dor-blanc.svg","contentUrl":"https:\/\/castelldor.com\/wp-content\/uploads\/2022\/08\/Castell-dor-blanc.svg","width":169,"height":61,"caption":"Castell d'Or"},"image":{"@id":"https:\/\/castelldor.com\/es\/#\/schema\/logo\/image\/"}}]}},"_links":{"self":[{"href":"https:\/\/castelldor.com\/es\/wp-json\/wp\/v2\/product\/140560","targetHints":{"allow":["GET"]}}],"collection":[{"href":"https:\/\/castelldor.com\/es\/wp-json\/wp\/v2\/product"}],"about":[{"href":"https:\/\/castelldor.com\/es\/wp-json\/wp\/v2\/types\/product"}],"replies":[{"embeddable":true,"href":"https:\/\/castelldor.com\/es\/wp-json\/wp\/v2\/comments?post=140560"}],"wp:featuredmedia":[{"embeddable":true,"href":"https:\/\/castelldor.com\/es\/wp-json\/wp\/v2\/media\/142148"}],"wp:attachment":[{"href":"https:\/\/castelldor.com\/es\/wp-json\/wp\/v2\/media?parent=140560"}],"wp:term":[{"taxonomy":"product_brand","embeddable":true,"href":"https:\/\/castelldor.com\/es\/wp-json\/wp\/v2\/product_brand?post=140560"},{"taxonomy":"product_cat","embeddable":true,"href":"https:\/\/castelldor.com\/es\/wp-json\/wp\/v2\/product_cat?post=140560"},{"taxonomy":"product_tag","embeddable":true,"href":"https:\/\/castelldor.com\/es\/wp-json\/wp\/v2\/product_tag?post=140560"},{"taxonomy":"marques","embeddable":true,"href":"https:\/\/castelldor.com\/es\/wp-json\/wp\/v2\/marques?post=140560"}],"curies":[{"name":"wp","href":"https:\/\/api.w.org\/{rel}","templated":true}]}}