{"id":136224,"date":"2024-04-12T13:45:26","date_gmt":"2024-04-12T11:45:26","guid":{"rendered":"https:\/\/castelldor.com\/?post_type=product&#038;p=136224"},"modified":"2025-05-12T11:28:27","modified_gmt":"2025-05-12T09:28:27","slug":"pack-de-vinos-castell-dor","status":"publish","type":"product","link":"https:\/\/castelldor.com\/es\/producto\/pack-de-vinos-castell-dor\/","title":{"rendered":"Pack de vinos Castell d&#8217;Or"},"content":{"rendered":"<p>El LOTE incluye:<\/p>\n<ul>\n<li>1x Vino Tinto Joven Trepat Castell d\u2019Or \u2013 DO Conca de Barber\u00e0<\/li>\n<li>1x <a href=\"https:\/\/castelldor.com\/es\/producto\/vi-negre-castell-dor\/\">Vino Tinto Garnacha Negra Castell d\u2019Or \u2013 DO Terra Alta<\/a><\/li>\n<li>1x <a href=\"https:\/\/castelldor.com\/es\/producto\/vino-blanco-xarello-castell-dor\/\">Vino Blanco Xarel\u00b7lo Castell d\u2019Or<\/a> \u2013 DO Pened\u00e8s<\/li>\n<li>1x <a href=\"https:\/\/castelldor.com\/es\/producto\/vino-blanco-xarello-castell-dor\/\">Vino Blanco Garnacha Blanca Castell d\u2019Or \u2013 DO Terra Alta<\/a><\/li>\n<li>1x <a href=\"https:\/\/castelldor.com\/es\/producto\/vino-blanco-castell-dor-macabeu-do-tarragona\/\">Vino Blanco Macabeo Castell d&#8217;Or<\/a><\/li>\n<li><a href=\"https:\/\/castelldor.com\/es\/producto\/vi-rosat-trepat-castell-dor\/\">1x Vino Rosado Trepat Castell d&#8217;Or \u2013 DO Conca de Barber\u00e0<\/a><\/li>\n<li>12 Posavasos con las ilustraciones de los vinos Castell d&#8217;Or<\/li>\n<\/ul>\n","protected":false},"excerpt":{"rendered":"<p>El LOTE incluye: 1x Vino Tinto Joven Trepat Castell d\u2019Or \u2013 DO Conca de Barber\u00e0 1x Vino Tinto Garnacha Negra Castell d\u2019Or \u2013 DO Terra Alta 1x Vino Blanco Xarel\u00b7lo Castell d\u2019Or \u2013 DO Pened\u00e8s 1x Vino Blanco Garnacha Blanca Castell d\u2019Or \u2013 DO Terra Alta 1x Vino Blanco Macabeo Castell d&#8217;Or 1x Vino Rosado&hellip;&nbsp;<a href=\"https:\/\/castelldor.com\/es\/producto\/pack-de-vinos-castell-dor\/\" rel=\"bookmark\">Read More &raquo;<span class=\"screen-reader-text\">Pack de vinos Castell d&#8217;Or<\/span><\/a><\/p>\n","protected":false},"featured_media":139850,"comment_status":"closed","ping_status":"closed","template":"","meta":{"_acf_changed":false,"inline_featured_image":false,"neve_meta_sidebar":"","neve_meta_container":"","neve_meta_enable_content_width":"off","neve_meta_content_width":100,"neve_meta_title_alignment":"","neve_meta_author_avatar":"","neve_post_elements_order":"","neve_meta_disable_header":"","neve_meta_disable_footer":"","neve_meta_disable_title":"","neve_meta_reading_time":""},"product_brand":[],"product_cat":[404],"product_tag":[],"marques":[30],"class_list":{"0":"post-136224","1":"product","2":"type-product","3":"status-publish","4":"has-post-thumbnail","6":"product_cat-packs-es","7":"marques-castell-dor","9":"first","10":"instock","11":"sale","12":"taxable","13":"shipping-taxable","14":"purchasable","15":"product-type-simple"},"acf":[],"yoast_head":"<!-- This site is optimized with the Yoast SEO plugin v27.3 - https:\/\/yoast.com\/product\/yoast-seo-wordpress\/ -->\n<title>Pack de vinos Castell d&#039;Or | Castell d&#039;Or<\/title>\n<meta name=\"description\" content=\"Un lote de seis vinos de las denominaciones de origen: DO Pened\u00e8s, DO Terra Alta y DO Conca de Barber\u00e0 que te sorprender\u00e1n. Regalo reposa vasos.\" \/>\n<meta name=\"robots\" content=\"index, follow, max-snippet:-1, max-image-preview:large, max-video-preview:-1\" \/>\n<link rel=\"canonical\" href=\"https:\/\/castelldor.com\/es\/producto\/pack-de-vinos-castell-dor\/\" \/>\n<meta property=\"og:locale\" content=\"es_ES\" \/>\n<meta property=\"og:type\" content=\"article\" \/>\n<meta property=\"og:title\" content=\"Pack de vinos Castell d&#039;Or | Castell d&#039;Or\" \/>\n<meta property=\"og:description\" content=\"Un lote de seis vinos de las denominaciones de origen: DO Pened\u00e8s, DO Terra Alta y DO Conca de Barber\u00e0 que te sorprender\u00e1n. Regalo reposa vasos.\" \/>\n<meta property=\"og:url\" content=\"https:\/\/castelldor.com\/es\/producto\/pack-de-vinos-castell-dor\/\" \/>\n<meta property=\"og:site_name\" content=\"Castell d&#039;Or\" \/>\n<meta property=\"article:modified_time\" content=\"2025-05-12T09:28:27+00:00\" \/>\n<meta property=\"og:image\" content=\"https:\/\/castelldor.com\/wp-content\/uploads\/2024\/04\/castelldor-pack-vins2.webp\" \/>\n\t<meta property=\"og:image:width\" content=\"1417\" \/>\n\t<meta property=\"og:image:height\" content=\"1624\" \/>\n\t<meta property=\"og:image:type\" content=\"image\/webp\" \/>\n<meta name=\"twitter:card\" content=\"summary_large_image\" \/>\n<meta name=\"twitter:label1\" content=\"Tiempo de lectura\" \/>\n\t<meta name=\"twitter:data1\" content=\"1 minuto\" \/>\n<script type=\"application\/ld+json\" class=\"yoast-schema-graph\">{\"@context\":\"https:\\\/\\\/schema.org\",\"@graph\":[{\"@type\":\"WebPage\",\"@id\":\"https:\\\/\\\/castelldor.com\\\/es\\\/producto\\\/pack-de-vinos-castell-dor\\\/\",\"url\":\"https:\\\/\\\/castelldor.com\\\/es\\\/producto\\\/pack-de-vinos-castell-dor\\\/\",\"name\":\"Pack de vinos Castell d'Or | Castell d&#039;Or\",\"isPartOf\":{\"@id\":\"https:\\\/\\\/castelldor.com\\\/es\\\/#website\"},\"primaryImageOfPage\":{\"@id\":\"https:\\\/\\\/castelldor.com\\\/es\\\/producto\\\/pack-de-vinos-castell-dor\\\/#primaryimage\"},\"image\":{\"@id\":\"https:\\\/\\\/castelldor.com\\\/es\\\/producto\\\/pack-de-vinos-castell-dor\\\/#primaryimage\"},\"thumbnailUrl\":\"https:\\\/\\\/castelldor.com\\\/wp-content\\\/uploads\\\/2024\\\/04\\\/castelldor-pack-vins2.webp\",\"datePublished\":\"2024-04-12T11:45:26+00:00\",\"dateModified\":\"2025-05-12T09:28:27+00:00\",\"description\":\"Un lote de seis vinos de las denominaciones de origen: DO Pened\u00e8s, DO Terra Alta y DO Conca de Barber\u00e0 que te sorprender\u00e1n. Regalo reposa vasos.\",\"breadcrumb\":{\"@id\":\"https:\\\/\\\/castelldor.com\\\/es\\\/producto\\\/pack-de-vinos-castell-dor\\\/#breadcrumb\"},\"inLanguage\":\"es\",\"potentialAction\":[{\"@type\":\"ReadAction\",\"target\":[\"https:\\\/\\\/castelldor.com\\\/es\\\/producto\\\/pack-de-vinos-castell-dor\\\/\"]}]},{\"@type\":\"ImageObject\",\"inLanguage\":\"es\",\"@id\":\"https:\\\/\\\/castelldor.com\\\/es\\\/producto\\\/pack-de-vinos-castell-dor\\\/#primaryimage\",\"url\":\"https:\\\/\\\/castelldor.com\\\/wp-content\\\/uploads\\\/2024\\\/04\\\/castelldor-pack-vins2.webp\",\"contentUrl\":\"https:\\\/\\\/castelldor.com\\\/wp-content\\\/uploads\\\/2024\\\/04\\\/castelldor-pack-vins2.webp\",\"width\":1417,\"height\":1624},{\"@type\":\"BreadcrumbList\",\"@id\":\"https:\\\/\\\/castelldor.com\\\/es\\\/producto\\\/pack-de-vinos-castell-dor\\\/#breadcrumb\",\"itemListElement\":[{\"@type\":\"ListItem\",\"position\":1,\"name\":\"Inici\",\"item\":\"https:\\\/\\\/castelldor.com\\\/es\\\/\"},{\"@type\":\"ListItem\",\"position\":2,\"name\":\"tienda\",\"item\":\"https:\\\/\\\/castelldor.com\\\/es\\\/tienda\\\/\"},{\"@type\":\"ListItem\",\"position\":3,\"name\":\"Pack de vinos Castell d&#8217;Or\"}]},{\"@type\":\"WebSite\",\"@id\":\"https:\\\/\\\/castelldor.com\\\/es\\\/#website\",\"url\":\"https:\\\/\\\/castelldor.com\\\/es\\\/\",\"name\":\"Castell d&#039;Or\",\"description\":\"Love people, Love wine\",\"publisher\":{\"@id\":\"https:\\\/\\\/castelldor.com\\\/es\\\/#organization\"},\"potentialAction\":[{\"@type\":\"SearchAction\",\"target\":{\"@type\":\"EntryPoint\",\"urlTemplate\":\"https:\\\/\\\/castelldor.com\\\/es\\\/?s={search_term_string}\"},\"query-input\":{\"@type\":\"PropertyValueSpecification\",\"valueRequired\":true,\"valueName\":\"search_term_string\"}}],\"inLanguage\":\"es\"},{\"@type\":\"Organization\",\"@id\":\"https:\\\/\\\/castelldor.com\\\/es\\\/#organization\",\"name\":\"Castell d'Or\",\"url\":\"https:\\\/\\\/castelldor.com\\\/es\\\/\",\"logo\":{\"@type\":\"ImageObject\",\"inLanguage\":\"es\",\"@id\":\"https:\\\/\\\/castelldor.com\\\/es\\\/#\\\/schema\\\/logo\\\/image\\\/\",\"url\":\"https:\\\/\\\/castelldor.com\\\/wp-content\\\/uploads\\\/2022\\\/08\\\/Castell-dor-blanc.svg\",\"contentUrl\":\"https:\\\/\\\/castelldor.com\\\/wp-content\\\/uploads\\\/2022\\\/08\\\/Castell-dor-blanc.svg\",\"width\":169,\"height\":61,\"caption\":\"Castell d'Or\"},\"image\":{\"@id\":\"https:\\\/\\\/castelldor.com\\\/es\\\/#\\\/schema\\\/logo\\\/image\\\/\"}}]}<\/script>\n<!-- \/ Yoast SEO plugin. -->","yoast_head_json":{"title":"Pack de vinos Castell d'Or | Castell d&#039;Or","description":"Un lote de seis vinos de las denominaciones de origen: DO Pened\u00e8s, DO Terra Alta y DO Conca de Barber\u00e0 que te sorprender\u00e1n. Regalo reposa vasos.","robots":{"index":"index","follow":"follow","max-snippet":"max-snippet:-1","max-image-preview":"max-image-preview:large","max-video-preview":"max-video-preview:-1"},"canonical":"https:\/\/castelldor.com\/es\/producto\/pack-de-vinos-castell-dor\/","og_locale":"es_ES","og_type":"article","og_title":"Pack de vinos Castell d'Or | Castell d&#039;Or","og_description":"Un lote de seis vinos de las denominaciones de origen: DO Pened\u00e8s, DO Terra Alta y DO Conca de Barber\u00e0 que te sorprender\u00e1n. Regalo reposa vasos.","og_url":"https:\/\/castelldor.com\/es\/producto\/pack-de-vinos-castell-dor\/","og_site_name":"Castell d&#039;Or","article_modified_time":"2025-05-12T09:28:27+00:00","og_image":[{"width":1417,"height":1624,"url":"https:\/\/castelldor.com\/wp-content\/uploads\/2024\/04\/castelldor-pack-vins2.webp","type":"image\/webp"}],"twitter_card":"summary_large_image","twitter_misc":{"Tiempo de lectura":"1 minuto"},"schema":{"@context":"https:\/\/schema.org","@graph":[{"@type":"WebPage","@id":"https:\/\/castelldor.com\/es\/producto\/pack-de-vinos-castell-dor\/","url":"https:\/\/castelldor.com\/es\/producto\/pack-de-vinos-castell-dor\/","name":"Pack de vinos Castell d'Or | Castell d&#039;Or","isPartOf":{"@id":"https:\/\/castelldor.com\/es\/#website"},"primaryImageOfPage":{"@id":"https:\/\/castelldor.com\/es\/producto\/pack-de-vinos-castell-dor\/#primaryimage"},"image":{"@id":"https:\/\/castelldor.com\/es\/producto\/pack-de-vinos-castell-dor\/#primaryimage"},"thumbnailUrl":"https:\/\/castelldor.com\/wp-content\/uploads\/2024\/04\/castelldor-pack-vins2.webp","datePublished":"2024-04-12T11:45:26+00:00","dateModified":"2025-05-12T09:28:27+00:00","description":"Un lote de seis vinos de las denominaciones de origen: DO Pened\u00e8s, DO Terra Alta y DO Conca de Barber\u00e0 que te sorprender\u00e1n. Regalo reposa vasos.","breadcrumb":{"@id":"https:\/\/castelldor.com\/es\/producto\/pack-de-vinos-castell-dor\/#breadcrumb"},"inLanguage":"es","potentialAction":[{"@type":"ReadAction","target":["https:\/\/castelldor.com\/es\/producto\/pack-de-vinos-castell-dor\/"]}]},{"@type":"ImageObject","inLanguage":"es","@id":"https:\/\/castelldor.com\/es\/producto\/pack-de-vinos-castell-dor\/#primaryimage","url":"https:\/\/castelldor.com\/wp-content\/uploads\/2024\/04\/castelldor-pack-vins2.webp","contentUrl":"https:\/\/castelldor.com\/wp-content\/uploads\/2024\/04\/castelldor-pack-vins2.webp","width":1417,"height":1624},{"@type":"BreadcrumbList","@id":"https:\/\/castelldor.com\/es\/producto\/pack-de-vinos-castell-dor\/#breadcrumb","itemListElement":[{"@type":"ListItem","position":1,"name":"Inici","item":"https:\/\/castelldor.com\/es\/"},{"@type":"ListItem","position":2,"name":"tienda","item":"https:\/\/castelldor.com\/es\/tienda\/"},{"@type":"ListItem","position":3,"name":"Pack de vinos Castell d&#8217;Or"}]},{"@type":"WebSite","@id":"https:\/\/castelldor.com\/es\/#website","url":"https:\/\/castelldor.com\/es\/","name":"Castell d&#039;Or","description":"Love people, Love wine","publisher":{"@id":"https:\/\/castelldor.com\/es\/#organization"},"potentialAction":[{"@type":"SearchAction","target":{"@type":"EntryPoint","urlTemplate":"https:\/\/castelldor.com\/es\/?s={search_term_string}"},"query-input":{"@type":"PropertyValueSpecification","valueRequired":true,"valueName":"search_term_string"}}],"inLanguage":"es"},{"@type":"Organization","@id":"https:\/\/castelldor.com\/es\/#organization","name":"Castell d'Or","url":"https:\/\/castelldor.com\/es\/","logo":{"@type":"ImageObject","inLanguage":"es","@id":"https:\/\/castelldor.com\/es\/#\/schema\/logo\/image\/","url":"https:\/\/castelldor.com\/wp-content\/uploads\/2022\/08\/Castell-dor-blanc.svg","contentUrl":"https:\/\/castelldor.com\/wp-content\/uploads\/2022\/08\/Castell-dor-blanc.svg","width":169,"height":61,"caption":"Castell d'Or"},"image":{"@id":"https:\/\/castelldor.com\/es\/#\/schema\/logo\/image\/"}}]}},"_links":{"self":[{"href":"https:\/\/castelldor.com\/es\/wp-json\/wp\/v2\/product\/136224","targetHints":{"allow":["GET"]}}],"collection":[{"href":"https:\/\/castelldor.com\/es\/wp-json\/wp\/v2\/product"}],"about":[{"href":"https:\/\/castelldor.com\/es\/wp-json\/wp\/v2\/types\/product"}],"replies":[{"embeddable":true,"href":"https:\/\/castelldor.com\/es\/wp-json\/wp\/v2\/comments?post=136224"}],"wp:featuredmedia":[{"embeddable":true,"href":"https:\/\/castelldor.com\/es\/wp-json\/wp\/v2\/media\/139850"}],"wp:attachment":[{"href":"https:\/\/castelldor.com\/es\/wp-json\/wp\/v2\/media?parent=136224"}],"wp:term":[{"taxonomy":"product_brand","embeddable":true,"href":"https:\/\/castelldor.com\/es\/wp-json\/wp\/v2\/product_brand?post=136224"},{"taxonomy":"product_cat","embeddable":true,"href":"https:\/\/castelldor.com\/es\/wp-json\/wp\/v2\/product_cat?post=136224"},{"taxonomy":"product_tag","embeddable":true,"href":"https:\/\/castelldor.com\/es\/wp-json\/wp\/v2\/product_tag?post=136224"},{"taxonomy":"marques","embeddable":true,"href":"https:\/\/castelldor.com\/es\/wp-json\/wp\/v2\/marques?post=136224"}],"curies":[{"name":"wp","href":"https:\/\/api.w.org\/{rel}","templated":true}]}}