{"id":128970,"date":"2022-10-13T12:38:12","date_gmt":"2022-10-13T10:38:12","guid":{"rendered":"https:\/\/castelldor.com\/?post_type=product&#038;p=128970"},"modified":"2024-02-13T13:39:28","modified_gmt":"2024-02-13T12:39:28","slug":"cava-brut-reserva-le-scandale","status":"publish","type":"product","link":"https:\/\/castelldor.com\/es\/producto\/cava-brut-reserva-le-scandale\/","title":{"rendered":"Cava Brut Reserva Cabaret Le Scandale"},"content":{"rendered":"<div class=\"traductor-textarea form-group\">\n<div class=\"textarea-desti col-xs-12 col-sm-6\">\n<div class=\"form-control second-textarea\">Un cava muy expresivo, notas florales y de miel. Inspirado en la pasi\u00f3n por la vida y el Cabar\u00e9t.<\/div>\n<\/div>\n<\/div>\n<div class=\"traductor-checkbox form-group\">\n<div class=\"row\">\n<div class=\"col-sm-offset-2 col-sm-5\"><\/div>\n<\/div>\n<\/div>\n","protected":false},"excerpt":{"rendered":"<p>Un cava muy expresivo, notas florales y de miel. Inspirado en la pasi\u00f3n por la vida y el Cabar\u00e9t.<\/p>\n","protected":false},"featured_media":128991,"comment_status":"open","ping_status":"closed","template":"","meta":{"_acf_changed":false,"inline_featured_image":false,"neve_meta_sidebar":"","neve_meta_container":"","neve_meta_enable_content_width":"off","neve_meta_content_width":100,"neve_meta_title_alignment":"","neve_meta_author_avatar":"","neve_post_elements_order":"","neve_meta_disable_header":"","neve_meta_disable_footer":"","neve_meta_disable_title":"","neve_meta_reading_time":""},"product_brand":[],"product_cat":[402],"product_tag":[],"marques":[41],"class_list":{"0":"post-128970","1":"product","2":"type-product","3":"status-publish","4":"has-post-thumbnail","6":"product_cat-caves-es","7":"marques-cabaret","9":"first","10":"instock","11":"taxable","12":"shipping-taxable","13":"purchasable","14":"product-type-simple"},"acf":[],"yoast_head":"<!-- This site is optimized with the Yoast SEO plugin v27.4 - https:\/\/yoast.com\/product\/yoast-seo-wordpress\/ -->\n<title>Cava Brut Reserva Cabaret Le Scandale| Castell d&#039;Or<\/title>\n<meta name=\"description\" content=\"El Cava Brut Cabar\u00e9 Le Scandale es un cava que pertenece a la categor\u00eda de Cava de Guarda Superior, y pasa un m\u00ednimo de 18 meses en botella donde se realiza la segunda fermentaci\u00f3n y la toma de espuma.\" \/>\n<meta name=\"robots\" content=\"index, follow, max-snippet:-1, max-image-preview:large, max-video-preview:-1\" \/>\n<link rel=\"canonical\" href=\"https:\/\/castelldor.com\/es\/producto\/cava-brut-reserva-le-scandale\/\" \/>\n<meta property=\"og:locale\" content=\"es_ES\" \/>\n<meta property=\"og:type\" content=\"article\" \/>\n<meta property=\"og:title\" content=\"Cava Brut Reserva Cabaret Le Scandale| Castell d&#039;Or\" \/>\n<meta property=\"og:description\" content=\"El Cava Brut Cabar\u00e9 Le Scandale es un cava que pertenece a la categor\u00eda de Cava de Guarda Superior, y pasa un m\u00ednimo de 18 meses en botella donde se realiza la segunda fermentaci\u00f3n y la toma de espuma.\" \/>\n<meta property=\"og:url\" content=\"https:\/\/castelldor.com\/es\/producto\/cava-brut-reserva-le-scandale\/\" \/>\n<meta property=\"og:site_name\" content=\"Castell d&#039;Or\" \/>\n<meta property=\"article:modified_time\" content=\"2024-02-13T12:39:28+00:00\" \/>\n<meta property=\"og:image\" content=\"https:\/\/castelldor.com\/wp-content\/uploads\/2022\/10\/Cabaret-LeScandale-Brut-Reserva-Low-Res.png\" \/>\n\t<meta property=\"og:image:width\" content=\"1181\" \/>\n\t<meta property=\"og:image:height\" content=\"2362\" \/>\n\t<meta property=\"og:image:type\" content=\"image\/png\" \/>\n<meta name=\"twitter:card\" content=\"summary_large_image\" \/>\n<meta name=\"twitter:label1\" content=\"Tiempo de lectura\" \/>\n\t<meta name=\"twitter:data1\" content=\"1 minuto\" \/>\n<script type=\"application\/ld+json\" class=\"yoast-schema-graph\">{\"@context\":\"https:\\\/\\\/schema.org\",\"@graph\":[{\"@type\":\"WebPage\",\"@id\":\"https:\\\/\\\/castelldor.com\\\/es\\\/producto\\\/cava-brut-reserva-le-scandale\\\/\",\"url\":\"https:\\\/\\\/castelldor.com\\\/es\\\/producto\\\/cava-brut-reserva-le-scandale\\\/\",\"name\":\"Cava Brut Reserva Cabaret Le Scandale| Castell d'Or\",\"isPartOf\":{\"@id\":\"https:\\\/\\\/castelldor.com\\\/es\\\/#website\"},\"primaryImageOfPage\":{\"@id\":\"https:\\\/\\\/castelldor.com\\\/es\\\/producto\\\/cava-brut-reserva-le-scandale\\\/#primaryimage\"},\"image\":{\"@id\":\"https:\\\/\\\/castelldor.com\\\/es\\\/producto\\\/cava-brut-reserva-le-scandale\\\/#primaryimage\"},\"thumbnailUrl\":\"https:\\\/\\\/castelldor.com\\\/wp-content\\\/uploads\\\/2022\\\/10\\\/Cabaret-LeScandale-Brut-Reserva-Low-Res.png\",\"datePublished\":\"2022-10-13T10:38:12+00:00\",\"dateModified\":\"2024-02-13T12:39:28+00:00\",\"description\":\"El Cava Brut Cabar\u00e9 Le Scandale es un cava que pertenece a la categor\u00eda de Cava de Guarda Superior, y pasa un m\u00ednimo de 18 meses en botella donde se realiza la segunda fermentaci\u00f3n y la toma de espuma.\",\"breadcrumb\":{\"@id\":\"https:\\\/\\\/castelldor.com\\\/es\\\/producto\\\/cava-brut-reserva-le-scandale\\\/#breadcrumb\"},\"inLanguage\":\"es\",\"potentialAction\":[{\"@type\":\"ReadAction\",\"target\":[\"https:\\\/\\\/castelldor.com\\\/es\\\/producto\\\/cava-brut-reserva-le-scandale\\\/\"]}]},{\"@type\":\"ImageObject\",\"inLanguage\":\"es\",\"@id\":\"https:\\\/\\\/castelldor.com\\\/es\\\/producto\\\/cava-brut-reserva-le-scandale\\\/#primaryimage\",\"url\":\"https:\\\/\\\/castelldor.com\\\/wp-content\\\/uploads\\\/2022\\\/10\\\/Cabaret-LeScandale-Brut-Reserva-Low-Res.png\",\"contentUrl\":\"https:\\\/\\\/castelldor.com\\\/wp-content\\\/uploads\\\/2022\\\/10\\\/Cabaret-LeScandale-Brut-Reserva-Low-Res.png\",\"width\":1181,\"height\":2362,\"caption\":\"Cava Brut Reserva Le Scandale\"},{\"@type\":\"BreadcrumbList\",\"@id\":\"https:\\\/\\\/castelldor.com\\\/es\\\/producto\\\/cava-brut-reserva-le-scandale\\\/#breadcrumb\",\"itemListElement\":[{\"@type\":\"ListItem\",\"position\":1,\"name\":\"Inici\",\"item\":\"https:\\\/\\\/castelldor.com\\\/es\\\/\"},{\"@type\":\"ListItem\",\"position\":2,\"name\":\"tienda\",\"item\":\"https:\\\/\\\/castelldor.com\\\/es\\\/tienda\\\/\"},{\"@type\":\"ListItem\",\"position\":3,\"name\":\"Cava Brut Reserva Cabaret Le Scandale\"}]},{\"@type\":\"WebSite\",\"@id\":\"https:\\\/\\\/castelldor.com\\\/es\\\/#website\",\"url\":\"https:\\\/\\\/castelldor.com\\\/es\\\/\",\"name\":\"Castell d&#039;Or\",\"description\":\"Love people, Love wine\",\"publisher\":{\"@id\":\"https:\\\/\\\/castelldor.com\\\/es\\\/#organization\"},\"potentialAction\":[{\"@type\":\"SearchAction\",\"target\":{\"@type\":\"EntryPoint\",\"urlTemplate\":\"https:\\\/\\\/castelldor.com\\\/es\\\/?s={search_term_string}\"},\"query-input\":{\"@type\":\"PropertyValueSpecification\",\"valueRequired\":true,\"valueName\":\"search_term_string\"}}],\"inLanguage\":\"es\"},{\"@type\":\"Organization\",\"@id\":\"https:\\\/\\\/castelldor.com\\\/es\\\/#organization\",\"name\":\"Castell d'Or\",\"url\":\"https:\\\/\\\/castelldor.com\\\/es\\\/\",\"logo\":{\"@type\":\"ImageObject\",\"inLanguage\":\"es\",\"@id\":\"https:\\\/\\\/castelldor.com\\\/es\\\/#\\\/schema\\\/logo\\\/image\\\/\",\"url\":\"https:\\\/\\\/castelldor.com\\\/wp-content\\\/uploads\\\/2022\\\/08\\\/Castell-dor-blanc.svg\",\"contentUrl\":\"https:\\\/\\\/castelldor.com\\\/wp-content\\\/uploads\\\/2022\\\/08\\\/Castell-dor-blanc.svg\",\"width\":169,\"height\":61,\"caption\":\"Castell d'Or\"},\"image\":{\"@id\":\"https:\\\/\\\/castelldor.com\\\/es\\\/#\\\/schema\\\/logo\\\/image\\\/\"}}]}<\/script>\n<!-- \/ Yoast SEO plugin. -->","yoast_head_json":{"title":"Cava Brut Reserva Cabaret Le Scandale| Castell d'Or","description":"El Cava Brut Cabar\u00e9 Le Scandale es un cava que pertenece a la categor\u00eda de Cava de Guarda Superior, y pasa un m\u00ednimo de 18 meses en botella donde se realiza la segunda fermentaci\u00f3n y la toma de espuma.","robots":{"index":"index","follow":"follow","max-snippet":"max-snippet:-1","max-image-preview":"max-image-preview:large","max-video-preview":"max-video-preview:-1"},"canonical":"https:\/\/castelldor.com\/es\/producto\/cava-brut-reserva-le-scandale\/","og_locale":"es_ES","og_type":"article","og_title":"Cava Brut Reserva Cabaret Le Scandale| Castell d'Or","og_description":"El Cava Brut Cabar\u00e9 Le Scandale es un cava que pertenece a la categor\u00eda de Cava de Guarda Superior, y pasa un m\u00ednimo de 18 meses en botella donde se realiza la segunda fermentaci\u00f3n y la toma de espuma.","og_url":"https:\/\/castelldor.com\/es\/producto\/cava-brut-reserva-le-scandale\/","og_site_name":"Castell d&#039;Or","article_modified_time":"2024-02-13T12:39:28+00:00","og_image":[{"width":1181,"height":2362,"url":"https:\/\/castelldor.com\/wp-content\/uploads\/2022\/10\/Cabaret-LeScandale-Brut-Reserva-Low-Res.png","type":"image\/png"}],"twitter_card":"summary_large_image","twitter_misc":{"Tiempo de lectura":"1 minuto"},"schema":{"@context":"https:\/\/schema.org","@graph":[{"@type":"WebPage","@id":"https:\/\/castelldor.com\/es\/producto\/cava-brut-reserva-le-scandale\/","url":"https:\/\/castelldor.com\/es\/producto\/cava-brut-reserva-le-scandale\/","name":"Cava Brut Reserva Cabaret Le Scandale| Castell d'Or","isPartOf":{"@id":"https:\/\/castelldor.com\/es\/#website"},"primaryImageOfPage":{"@id":"https:\/\/castelldor.com\/es\/producto\/cava-brut-reserva-le-scandale\/#primaryimage"},"image":{"@id":"https:\/\/castelldor.com\/es\/producto\/cava-brut-reserva-le-scandale\/#primaryimage"},"thumbnailUrl":"https:\/\/castelldor.com\/wp-content\/uploads\/2022\/10\/Cabaret-LeScandale-Brut-Reserva-Low-Res.png","datePublished":"2022-10-13T10:38:12+00:00","dateModified":"2024-02-13T12:39:28+00:00","description":"El Cava Brut Cabar\u00e9 Le Scandale es un cava que pertenece a la categor\u00eda de Cava de Guarda Superior, y pasa un m\u00ednimo de 18 meses en botella donde se realiza la segunda fermentaci\u00f3n y la toma de espuma.","breadcrumb":{"@id":"https:\/\/castelldor.com\/es\/producto\/cava-brut-reserva-le-scandale\/#breadcrumb"},"inLanguage":"es","potentialAction":[{"@type":"ReadAction","target":["https:\/\/castelldor.com\/es\/producto\/cava-brut-reserva-le-scandale\/"]}]},{"@type":"ImageObject","inLanguage":"es","@id":"https:\/\/castelldor.com\/es\/producto\/cava-brut-reserva-le-scandale\/#primaryimage","url":"https:\/\/castelldor.com\/wp-content\/uploads\/2022\/10\/Cabaret-LeScandale-Brut-Reserva-Low-Res.png","contentUrl":"https:\/\/castelldor.com\/wp-content\/uploads\/2022\/10\/Cabaret-LeScandale-Brut-Reserva-Low-Res.png","width":1181,"height":2362,"caption":"Cava Brut Reserva Le Scandale"},{"@type":"BreadcrumbList","@id":"https:\/\/castelldor.com\/es\/producto\/cava-brut-reserva-le-scandale\/#breadcrumb","itemListElement":[{"@type":"ListItem","position":1,"name":"Inici","item":"https:\/\/castelldor.com\/es\/"},{"@type":"ListItem","position":2,"name":"tienda","item":"https:\/\/castelldor.com\/es\/tienda\/"},{"@type":"ListItem","position":3,"name":"Cava Brut Reserva Cabaret Le Scandale"}]},{"@type":"WebSite","@id":"https:\/\/castelldor.com\/es\/#website","url":"https:\/\/castelldor.com\/es\/","name":"Castell d&#039;Or","description":"Love people, Love wine","publisher":{"@id":"https:\/\/castelldor.com\/es\/#organization"},"potentialAction":[{"@type":"SearchAction","target":{"@type":"EntryPoint","urlTemplate":"https:\/\/castelldor.com\/es\/?s={search_term_string}"},"query-input":{"@type":"PropertyValueSpecification","valueRequired":true,"valueName":"search_term_string"}}],"inLanguage":"es"},{"@type":"Organization","@id":"https:\/\/castelldor.com\/es\/#organization","name":"Castell d'Or","url":"https:\/\/castelldor.com\/es\/","logo":{"@type":"ImageObject","inLanguage":"es","@id":"https:\/\/castelldor.com\/es\/#\/schema\/logo\/image\/","url":"https:\/\/castelldor.com\/wp-content\/uploads\/2022\/08\/Castell-dor-blanc.svg","contentUrl":"https:\/\/castelldor.com\/wp-content\/uploads\/2022\/08\/Castell-dor-blanc.svg","width":169,"height":61,"caption":"Castell d'Or"},"image":{"@id":"https:\/\/castelldor.com\/es\/#\/schema\/logo\/image\/"}}]}},"_links":{"self":[{"href":"https:\/\/castelldor.com\/es\/wp-json\/wp\/v2\/product\/128970","targetHints":{"allow":["GET"]}}],"collection":[{"href":"https:\/\/castelldor.com\/es\/wp-json\/wp\/v2\/product"}],"about":[{"href":"https:\/\/castelldor.com\/es\/wp-json\/wp\/v2\/types\/product"}],"replies":[{"embeddable":true,"href":"https:\/\/castelldor.com\/es\/wp-json\/wp\/v2\/comments?post=128970"}],"wp:featuredmedia":[{"embeddable":true,"href":"https:\/\/castelldor.com\/es\/wp-json\/wp\/v2\/media\/128991"}],"wp:attachment":[{"href":"https:\/\/castelldor.com\/es\/wp-json\/wp\/v2\/media?parent=128970"}],"wp:term":[{"taxonomy":"product_brand","embeddable":true,"href":"https:\/\/castelldor.com\/es\/wp-json\/wp\/v2\/product_brand?post=128970"},{"taxonomy":"product_cat","embeddable":true,"href":"https:\/\/castelldor.com\/es\/wp-json\/wp\/v2\/product_cat?post=128970"},{"taxonomy":"product_tag","embeddable":true,"href":"https:\/\/castelldor.com\/es\/wp-json\/wp\/v2\/product_tag?post=128970"},{"taxonomy":"marques","embeddable":true,"href":"https:\/\/castelldor.com\/es\/wp-json\/wp\/v2\/marques?post=128970"}],"curies":[{"name":"wp","href":"https:\/\/api.w.org\/{rel}","templated":true}]}}