{"id":127262,"date":"2022-07-29T12:21:01","date_gmt":"2022-07-29T10:21:01","guid":{"rendered":"https:\/\/castelldor.com\/producto\/pack-organic\/"},"modified":"2023-03-31T10:16:25","modified_gmt":"2023-03-31T08:16:25","slug":"pack-organic","status":"publish","type":"product","link":"https:\/\/castelldor.com\/es\/producto\/pack-organic\/","title":{"rendered":"Org\u00e1nico"},"content":{"rendered":"<p>6x <a href=\"https:\/\/castelldor.com\/es\/producto\/cava-brut-organic-castell-dor\/\">Castell d\u2019Or-Brut Org\u00e1nico<\/a><br \/>\n<span data-sheets-value=\"{&quot;1&quot;:2,&quot;2&quot;:&quot;1 x Funda enfriadora de regalo&quot;}\" data-sheets-userformat=\"{&quot;2&quot;:14337,&quot;3&quot;:{&quot;1&quot;:0,&quot;3&quot;:1},&quot;14&quot;:{&quot;1&quot;:3,&quot;3&quot;:1},&quot;15&quot;:&quot;Calibri&quot;,&quot;16&quot;:10}\">1 x Funda enfriadora de regalo<\/span><\/p>\n","protected":false},"excerpt":{"rendered":"<p>6x Castell d\u2019Or-Brut Org\u00e1nico 1 x Funda enfriadora de regalo<\/p>\n","protected":false},"featured_media":129254,"comment_status":"open","ping_status":"closed","template":"","meta":{"_acf_changed":false,"inline_featured_image":false,"neve_meta_sidebar":"","neve_meta_container":"","neve_meta_enable_content_width":"off","neve_meta_content_width":100,"neve_meta_title_alignment":"","neve_meta_author_avatar":"","neve_post_elements_order":"","neve_meta_disable_header":"","neve_meta_disable_footer":"","neve_meta_disable_title":"","neve_meta_reading_time":""},"product_brand":[],"product_cat":[404],"product_tag":[],"marques":[30],"class_list":{"0":"post-127262","1":"product","2":"type-product","3":"status-publish","4":"has-post-thumbnail","6":"product_cat-packs-es","7":"marques-castell-dor","9":"first","10":"instock","11":"taxable","12":"shipping-taxable","13":"purchasable","14":"product-type-simple"},"acf":[],"yoast_head":"<!-- This site is optimized with the Yoast SEO plugin v27.4 - https:\/\/yoast.com\/product\/yoast-seo-wordpress\/ -->\n<title>Pack Cava Org\u00e1nico | Castell d&#039;Or<\/title>\n<meta name=\"description\" content=\"Descubre este fant\u00e1stico Pack de Cava Org\u00e1nico, compuesto por seis botellas de Cava Org\u00e1nico Castell d&#039;Or. Lo mejor... \u00a1trae regalo!\" \/>\n<meta name=\"robots\" content=\"index, follow, max-snippet:-1, max-image-preview:large, max-video-preview:-1\" \/>\n<link rel=\"canonical\" href=\"https:\/\/castelldor.com\/es\/producto\/pack-organic\/\" \/>\n<meta property=\"og:locale\" content=\"es_ES\" \/>\n<meta property=\"og:type\" content=\"article\" \/>\n<meta property=\"og:title\" content=\"Pack Cava Org\u00e1nico | Castell d&#039;Or\" \/>\n<meta property=\"og:description\" content=\"Descubre este fant\u00e1stico Pack de Cava Org\u00e1nico, compuesto por seis botellas de Cava Org\u00e1nico Castell d&#039;Or. Lo mejor... \u00a1trae regalo!\" \/>\n<meta property=\"og:url\" content=\"https:\/\/castelldor.com\/es\/producto\/pack-organic\/\" \/>\n<meta property=\"og:site_name\" content=\"Castell d&#039;Or\" \/>\n<meta property=\"article:modified_time\" content=\"2023-03-31T08:16:25+00:00\" \/>\n<meta property=\"og:image\" content=\"https:\/\/castelldor.com\/wp-content\/uploads\/2022\/07\/castelldor-pack-organic-1.png\" \/>\n\t<meta property=\"og:image:width\" content=\"1800\" \/>\n\t<meta property=\"og:image:height\" content=\"2063\" \/>\n\t<meta property=\"og:image:type\" content=\"image\/png\" \/>\n<meta name=\"twitter:card\" content=\"summary_large_image\" \/>\n<meta name=\"twitter:label1\" content=\"Tiempo de lectura\" \/>\n\t<meta name=\"twitter:data1\" content=\"1 minuto\" \/>\n<script type=\"application\/ld+json\" class=\"yoast-schema-graph\">{\"@context\":\"https:\\\/\\\/schema.org\",\"@graph\":[{\"@type\":\"WebPage\",\"@id\":\"https:\\\/\\\/castelldor.com\\\/es\\\/producto\\\/pack-organic\\\/\",\"url\":\"https:\\\/\\\/castelldor.com\\\/es\\\/producto\\\/pack-organic\\\/\",\"name\":\"Pack Cava Org\u00e1nico | Castell d&#039;Or\",\"isPartOf\":{\"@id\":\"https:\\\/\\\/castelldor.com\\\/es\\\/#website\"},\"primaryImageOfPage\":{\"@id\":\"https:\\\/\\\/castelldor.com\\\/es\\\/producto\\\/pack-organic\\\/#primaryimage\"},\"image\":{\"@id\":\"https:\\\/\\\/castelldor.com\\\/es\\\/producto\\\/pack-organic\\\/#primaryimage\"},\"thumbnailUrl\":\"https:\\\/\\\/castelldor.com\\\/wp-content\\\/uploads\\\/2022\\\/07\\\/castelldor-pack-organic-1.png\",\"datePublished\":\"2022-07-29T10:21:01+00:00\",\"dateModified\":\"2023-03-31T08:16:25+00:00\",\"description\":\"Descubre este fant\u00e1stico Pack de Cava Org\u00e1nico, compuesto por seis botellas de Cava Org\u00e1nico Castell d'Or. Lo mejor... \u00a1trae regalo!\",\"breadcrumb\":{\"@id\":\"https:\\\/\\\/castelldor.com\\\/es\\\/producto\\\/pack-organic\\\/#breadcrumb\"},\"inLanguage\":\"es\",\"potentialAction\":[{\"@type\":\"ReadAction\",\"target\":[\"https:\\\/\\\/castelldor.com\\\/es\\\/producto\\\/pack-organic\\\/\"]}]},{\"@type\":\"ImageObject\",\"inLanguage\":\"es\",\"@id\":\"https:\\\/\\\/castelldor.com\\\/es\\\/producto\\\/pack-organic\\\/#primaryimage\",\"url\":\"https:\\\/\\\/castelldor.com\\\/wp-content\\\/uploads\\\/2022\\\/07\\\/castelldor-pack-organic-1.png\",\"contentUrl\":\"https:\\\/\\\/castelldor.com\\\/wp-content\\\/uploads\\\/2022\\\/07\\\/castelldor-pack-organic-1.png\",\"width\":1800,\"height\":2063},{\"@type\":\"BreadcrumbList\",\"@id\":\"https:\\\/\\\/castelldor.com\\\/es\\\/producto\\\/pack-organic\\\/#breadcrumb\",\"itemListElement\":[{\"@type\":\"ListItem\",\"position\":1,\"name\":\"Inici\",\"item\":\"https:\\\/\\\/castelldor.com\\\/es\\\/\"},{\"@type\":\"ListItem\",\"position\":2,\"name\":\"tienda\",\"item\":\"https:\\\/\\\/castelldor.com\\\/es\\\/tienda\\\/\"},{\"@type\":\"ListItem\",\"position\":3,\"name\":\"Org\u00e1nico\"}]},{\"@type\":\"WebSite\",\"@id\":\"https:\\\/\\\/castelldor.com\\\/es\\\/#website\",\"url\":\"https:\\\/\\\/castelldor.com\\\/es\\\/\",\"name\":\"Castell d&#039;Or\",\"description\":\"Love people, Love wine\",\"publisher\":{\"@id\":\"https:\\\/\\\/castelldor.com\\\/es\\\/#organization\"},\"potentialAction\":[{\"@type\":\"SearchAction\",\"target\":{\"@type\":\"EntryPoint\",\"urlTemplate\":\"https:\\\/\\\/castelldor.com\\\/es\\\/?s={search_term_string}\"},\"query-input\":{\"@type\":\"PropertyValueSpecification\",\"valueRequired\":true,\"valueName\":\"search_term_string\"}}],\"inLanguage\":\"es\"},{\"@type\":\"Organization\",\"@id\":\"https:\\\/\\\/castelldor.com\\\/es\\\/#organization\",\"name\":\"Castell d'Or\",\"url\":\"https:\\\/\\\/castelldor.com\\\/es\\\/\",\"logo\":{\"@type\":\"ImageObject\",\"inLanguage\":\"es\",\"@id\":\"https:\\\/\\\/castelldor.com\\\/es\\\/#\\\/schema\\\/logo\\\/image\\\/\",\"url\":\"https:\\\/\\\/castelldor.com\\\/wp-content\\\/uploads\\\/2022\\\/08\\\/Castell-dor-blanc.svg\",\"contentUrl\":\"https:\\\/\\\/castelldor.com\\\/wp-content\\\/uploads\\\/2022\\\/08\\\/Castell-dor-blanc.svg\",\"width\":169,\"height\":61,\"caption\":\"Castell d'Or\"},\"image\":{\"@id\":\"https:\\\/\\\/castelldor.com\\\/es\\\/#\\\/schema\\\/logo\\\/image\\\/\"}}]}<\/script>\n<!-- \/ Yoast SEO plugin. -->","yoast_head_json":{"title":"Pack Cava Org\u00e1nico | Castell d&#039;Or","description":"Descubre este fant\u00e1stico Pack de Cava Org\u00e1nico, compuesto por seis botellas de Cava Org\u00e1nico Castell d'Or. Lo mejor... \u00a1trae regalo!","robots":{"index":"index","follow":"follow","max-snippet":"max-snippet:-1","max-image-preview":"max-image-preview:large","max-video-preview":"max-video-preview:-1"},"canonical":"https:\/\/castelldor.com\/es\/producto\/pack-organic\/","og_locale":"es_ES","og_type":"article","og_title":"Pack Cava Org\u00e1nico | Castell d&#039;Or","og_description":"Descubre este fant\u00e1stico Pack de Cava Org\u00e1nico, compuesto por seis botellas de Cava Org\u00e1nico Castell d'Or. Lo mejor... \u00a1trae regalo!","og_url":"https:\/\/castelldor.com\/es\/producto\/pack-organic\/","og_site_name":"Castell d&#039;Or","article_modified_time":"2023-03-31T08:16:25+00:00","og_image":[{"width":1800,"height":2063,"url":"https:\/\/castelldor.com\/wp-content\/uploads\/2022\/07\/castelldor-pack-organic-1.png","type":"image\/png"}],"twitter_card":"summary_large_image","twitter_misc":{"Tiempo de lectura":"1 minuto"},"schema":{"@context":"https:\/\/schema.org","@graph":[{"@type":"WebPage","@id":"https:\/\/castelldor.com\/es\/producto\/pack-organic\/","url":"https:\/\/castelldor.com\/es\/producto\/pack-organic\/","name":"Pack Cava Org\u00e1nico | Castell d&#039;Or","isPartOf":{"@id":"https:\/\/castelldor.com\/es\/#website"},"primaryImageOfPage":{"@id":"https:\/\/castelldor.com\/es\/producto\/pack-organic\/#primaryimage"},"image":{"@id":"https:\/\/castelldor.com\/es\/producto\/pack-organic\/#primaryimage"},"thumbnailUrl":"https:\/\/castelldor.com\/wp-content\/uploads\/2022\/07\/castelldor-pack-organic-1.png","datePublished":"2022-07-29T10:21:01+00:00","dateModified":"2023-03-31T08:16:25+00:00","description":"Descubre este fant\u00e1stico Pack de Cava Org\u00e1nico, compuesto por seis botellas de Cava Org\u00e1nico Castell d'Or. Lo mejor... \u00a1trae regalo!","breadcrumb":{"@id":"https:\/\/castelldor.com\/es\/producto\/pack-organic\/#breadcrumb"},"inLanguage":"es","potentialAction":[{"@type":"ReadAction","target":["https:\/\/castelldor.com\/es\/producto\/pack-organic\/"]}]},{"@type":"ImageObject","inLanguage":"es","@id":"https:\/\/castelldor.com\/es\/producto\/pack-organic\/#primaryimage","url":"https:\/\/castelldor.com\/wp-content\/uploads\/2022\/07\/castelldor-pack-organic-1.png","contentUrl":"https:\/\/castelldor.com\/wp-content\/uploads\/2022\/07\/castelldor-pack-organic-1.png","width":1800,"height":2063},{"@type":"BreadcrumbList","@id":"https:\/\/castelldor.com\/es\/producto\/pack-organic\/#breadcrumb","itemListElement":[{"@type":"ListItem","position":1,"name":"Inici","item":"https:\/\/castelldor.com\/es\/"},{"@type":"ListItem","position":2,"name":"tienda","item":"https:\/\/castelldor.com\/es\/tienda\/"},{"@type":"ListItem","position":3,"name":"Org\u00e1nico"}]},{"@type":"WebSite","@id":"https:\/\/castelldor.com\/es\/#website","url":"https:\/\/castelldor.com\/es\/","name":"Castell d&#039;Or","description":"Love people, Love wine","publisher":{"@id":"https:\/\/castelldor.com\/es\/#organization"},"potentialAction":[{"@type":"SearchAction","target":{"@type":"EntryPoint","urlTemplate":"https:\/\/castelldor.com\/es\/?s={search_term_string}"},"query-input":{"@type":"PropertyValueSpecification","valueRequired":true,"valueName":"search_term_string"}}],"inLanguage":"es"},{"@type":"Organization","@id":"https:\/\/castelldor.com\/es\/#organization","name":"Castell d'Or","url":"https:\/\/castelldor.com\/es\/","logo":{"@type":"ImageObject","inLanguage":"es","@id":"https:\/\/castelldor.com\/es\/#\/schema\/logo\/image\/","url":"https:\/\/castelldor.com\/wp-content\/uploads\/2022\/08\/Castell-dor-blanc.svg","contentUrl":"https:\/\/castelldor.com\/wp-content\/uploads\/2022\/08\/Castell-dor-blanc.svg","width":169,"height":61,"caption":"Castell d'Or"},"image":{"@id":"https:\/\/castelldor.com\/es\/#\/schema\/logo\/image\/"}}]}},"_links":{"self":[{"href":"https:\/\/castelldor.com\/es\/wp-json\/wp\/v2\/product\/127262","targetHints":{"allow":["GET"]}}],"collection":[{"href":"https:\/\/castelldor.com\/es\/wp-json\/wp\/v2\/product"}],"about":[{"href":"https:\/\/castelldor.com\/es\/wp-json\/wp\/v2\/types\/product"}],"replies":[{"embeddable":true,"href":"https:\/\/castelldor.com\/es\/wp-json\/wp\/v2\/comments?post=127262"}],"wp:featuredmedia":[{"embeddable":true,"href":"https:\/\/castelldor.com\/es\/wp-json\/wp\/v2\/media\/129254"}],"wp:attachment":[{"href":"https:\/\/castelldor.com\/es\/wp-json\/wp\/v2\/media?parent=127262"}],"wp:term":[{"taxonomy":"product_brand","embeddable":true,"href":"https:\/\/castelldor.com\/es\/wp-json\/wp\/v2\/product_brand?post=127262"},{"taxonomy":"product_cat","embeddable":true,"href":"https:\/\/castelldor.com\/es\/wp-json\/wp\/v2\/product_cat?post=127262"},{"taxonomy":"product_tag","embeddable":true,"href":"https:\/\/castelldor.com\/es\/wp-json\/wp\/v2\/product_tag?post=127262"},{"taxonomy":"marques","embeddable":true,"href":"https:\/\/castelldor.com\/es\/wp-json\/wp\/v2\/marques?post=127262"}],"curies":[{"name":"wp","href":"https:\/\/api.w.org\/{rel}","templated":true}]}}