{"id":127227,"date":"2022-07-21T12:56:36","date_gmt":"2022-07-21T10:56:36","guid":{"rendered":"https:\/\/castelldor.com\/producto\/vi-negre-crianca-priorat-abadia-mediterranea\/"},"modified":"2025-10-06T15:24:56","modified_gmt":"2025-10-06T13:24:56","slug":"vi-negre-crianca-priorat-abadia-mediterranea","status":"publish","type":"product","link":"https:\/\/castelldor.com\/es\/producto\/vi-negre-crianca-priorat-abadia-mediterranea\/","title":{"rendered":"Vino Tinto Crianza Priorat Abadia Mediterr\u00e0nia"},"content":{"rendered":"<p>Vino potente, robusto y penetrante. Aromas a fruta negra madura. Elaborado de vi\u00f1as con m\u00e1s de 50 a\u00f1os.<\/p>\n","protected":false},"excerpt":{"rendered":"<p>Vino potente, robusto y penetrante. Aromas a fruta negra madura. Elaborado de vi\u00f1as con m\u00e1s de 50 a\u00f1os.<\/p>\n","protected":false},"featured_media":4962,"comment_status":"open","ping_status":"closed","template":"","meta":{"_acf_changed":false,"inline_featured_image":false,"neve_meta_sidebar":"","neve_meta_container":"","neve_meta_enable_content_width":"off","neve_meta_content_width":100,"neve_meta_title_alignment":"","neve_meta_author_avatar":"","neve_post_elements_order":"","neve_meta_disable_header":"","neve_meta_disable_footer":"","neve_meta_disable_title":"","neve_meta_reading_time":""},"product_brand":[],"product_cat":[403],"product_tag":[],"marques":[],"class_list":{"0":"post-127227","1":"product","2":"type-product","3":"status-publish","4":"has-post-thumbnail","6":"product_cat-vins-es","8":"first","9":"instock","10":"taxable","11":"shipping-taxable","12":"purchasable","13":"product-type-simple"},"acf":[],"_links":{"self":[{"href":"https:\/\/castelldor.com\/es\/wp-json\/wp\/v2\/product\/127227","targetHints":{"allow":["GET"]}}],"collection":[{"href":"https:\/\/castelldor.com\/es\/wp-json\/wp\/v2\/product"}],"about":[{"href":"https:\/\/castelldor.com\/es\/wp-json\/wp\/v2\/types\/product"}],"replies":[{"embeddable":true,"href":"https:\/\/castelldor.com\/es\/wp-json\/wp\/v2\/comments?post=127227"}],"wp:featuredmedia":[{"embeddable":true,"href":"https:\/\/castelldor.com\/es\/wp-json\/wp\/v2\/media\/4962"}],"wp:attachment":[{"href":"https:\/\/castelldor.com\/es\/wp-json\/wp\/v2\/media?parent=127227"}],"wp:term":[{"taxonomy":"product_brand","embeddable":true,"href":"https:\/\/castelldor.com\/es\/wp-json\/wp\/v2\/product_brand?post=127227"},{"taxonomy":"product_cat","embeddable":true,"href":"https:\/\/castelldor.com\/es\/wp-json\/wp\/v2\/product_cat?post=127227"},{"taxonomy":"product_tag","embeddable":true,"href":"https:\/\/castelldor.com\/es\/wp-json\/wp\/v2\/product_tag?post=127227"},{"taxonomy":"marques","embeddable":true,"href":"https:\/\/castelldor.com\/es\/wp-json\/wp\/v2\/marques?post=127227"}],"curies":[{"name":"wp","href":"https:\/\/api.w.org\/{rel}","templated":true}]}}