{"id":127156,"date":"2022-07-22T11:29:01","date_gmt":"2022-07-22T09:29:01","guid":{"rendered":"https:\/\/castelldor.com\/producto\/cossetania-cava-brut-reserva\/"},"modified":"2025-09-04T09:51:45","modified_gmt":"2025-09-04T07:51:45","slug":"cossetania-cava-brut-reserva","status":"publish","type":"product","link":"https:\/\/castelldor.com\/es\/producto\/cossetania-cava-brut-reserva\/","title":{"rendered":"Cosset\u00e0nia Cava Brut Reserva Org\u00e1nico"},"content":{"rendered":"<p>Un cava fresco y elegante con aromas a flores silvestres y notas torradas. Vi\u00f1a seleccionada.<\/p>\n","protected":false},"excerpt":{"rendered":"<p>Un cava fresco y elegante con aromas a flores silvestres y notas torradas. Vi\u00f1a seleccionada.<\/p>\n","protected":false},"featured_media":138394,"comment_status":"open","ping_status":"closed","template":"","meta":{"_acf_changed":false,"inline_featured_image":false,"neve_meta_sidebar":"","neve_meta_container":"","neve_meta_enable_content_width":"off","neve_meta_content_width":100,"neve_meta_title_alignment":"","neve_meta_author_avatar":"","neve_post_elements_order":"","neve_meta_disable_header":"","neve_meta_disable_footer":"","neve_meta_disable_title":"","neve_meta_reading_time":""},"product_brand":[],"product_cat":[402],"product_tag":[],"marques":[],"class_list":{"0":"post-127156","1":"product","2":"type-product","3":"status-publish","4":"has-post-thumbnail","6":"product_cat-caves-es","8":"first","9":"instock","10":"taxable","11":"shipping-taxable","12":"purchasable","13":"product-type-simple"},"acf":[],"_links":{"self":[{"href":"https:\/\/castelldor.com\/es\/wp-json\/wp\/v2\/product\/127156","targetHints":{"allow":["GET"]}}],"collection":[{"href":"https:\/\/castelldor.com\/es\/wp-json\/wp\/v2\/product"}],"about":[{"href":"https:\/\/castelldor.com\/es\/wp-json\/wp\/v2\/types\/product"}],"replies":[{"embeddable":true,"href":"https:\/\/castelldor.com\/es\/wp-json\/wp\/v2\/comments?post=127156"}],"wp:featuredmedia":[{"embeddable":true,"href":"https:\/\/castelldor.com\/es\/wp-json\/wp\/v2\/media\/138394"}],"wp:attachment":[{"href":"https:\/\/castelldor.com\/es\/wp-json\/wp\/v2\/media?parent=127156"}],"wp:term":[{"taxonomy":"product_brand","embeddable":true,"href":"https:\/\/castelldor.com\/es\/wp-json\/wp\/v2\/product_brand?post=127156"},{"taxonomy":"product_cat","embeddable":true,"href":"https:\/\/castelldor.com\/es\/wp-json\/wp\/v2\/product_cat?post=127156"},{"taxonomy":"product_tag","embeddable":true,"href":"https:\/\/castelldor.com\/es\/wp-json\/wp\/v2\/product_tag?post=127156"},{"taxonomy":"marques","embeddable":true,"href":"https:\/\/castelldor.com\/es\/wp-json\/wp\/v2\/marques?post=127156"}],"curies":[{"name":"wp","href":"https:\/\/api.w.org\/{rel}","templated":true}]}}