{"id":127155,"date":"2022-07-22T11:26:40","date_gmt":"2022-07-22T09:26:40","guid":{"rendered":"https:\/\/castelldor.com\/producto\/cossetania-cava-brut-rosat\/"},"modified":"2025-09-03T16:31:42","modified_gmt":"2025-09-03T14:31:42","slug":"cossetania-cava-brut-rosat","status":"publish","type":"product","link":"https:\/\/castelldor.com\/es\/producto\/cossetania-cava-brut-rosat\/","title":{"rendered":"Cosset\u00e0nia Cava Brut Rosado Org\u00e1nico"},"content":{"rendered":"<p>Elaborado con la variedad aut\u00f3ctona Trepat.<br \/>\nUn cava con car\u00e1cter \u00fanico y exclusivo.<\/p>\n","protected":false},"excerpt":{"rendered":"<p>Elaborado con la variedad aut\u00f3ctona Trepat. Un cava con car\u00e1cter \u00fanico y exclusivo.<\/p>\n","protected":false},"featured_media":138397,"comment_status":"open","ping_status":"closed","template":"","meta":{"_acf_changed":false,"inline_featured_image":false,"neve_meta_sidebar":"","neve_meta_container":"","neve_meta_enable_content_width":"off","neve_meta_content_width":100,"neve_meta_title_alignment":"","neve_meta_author_avatar":"","neve_post_elements_order":"","neve_meta_disable_header":"","neve_meta_disable_footer":"","neve_meta_disable_title":"","neve_meta_reading_time":""},"product_brand":[],"product_cat":[402],"product_tag":[],"marques":[512],"class_list":{"0":"post-127155","1":"product","2":"type-product","3":"status-publish","4":"has-post-thumbnail","6":"product_cat-caves-es","7":"marques-cossetania","9":"first","10":"instock","11":"taxable","12":"shipping-taxable","13":"purchasable","14":"product-type-simple"},"acf":[],"_links":{"self":[{"href":"https:\/\/castelldor.com\/es\/wp-json\/wp\/v2\/product\/127155","targetHints":{"allow":["GET"]}}],"collection":[{"href":"https:\/\/castelldor.com\/es\/wp-json\/wp\/v2\/product"}],"about":[{"href":"https:\/\/castelldor.com\/es\/wp-json\/wp\/v2\/types\/product"}],"replies":[{"embeddable":true,"href":"https:\/\/castelldor.com\/es\/wp-json\/wp\/v2\/comments?post=127155"}],"wp:featuredmedia":[{"embeddable":true,"href":"https:\/\/castelldor.com\/es\/wp-json\/wp\/v2\/media\/138397"}],"wp:attachment":[{"href":"https:\/\/castelldor.com\/es\/wp-json\/wp\/v2\/media?parent=127155"}],"wp:term":[{"taxonomy":"product_brand","embeddable":true,"href":"https:\/\/castelldor.com\/es\/wp-json\/wp\/v2\/product_brand?post=127155"},{"taxonomy":"product_cat","embeddable":true,"href":"https:\/\/castelldor.com\/es\/wp-json\/wp\/v2\/product_cat?post=127155"},{"taxonomy":"product_tag","embeddable":true,"href":"https:\/\/castelldor.com\/es\/wp-json\/wp\/v2\/product_tag?post=127155"},{"taxonomy":"marques","embeddable":true,"href":"https:\/\/castelldor.com\/es\/wp-json\/wp\/v2\/marques?post=127155"}],"curies":[{"name":"wp","href":"https:\/\/api.w.org\/{rel}","templated":true}]}}