{"id":5424,"date":"2022-06-13T16:53:39","date_gmt":"2022-06-13T14:53:39","guid":{"rendered":"https:\/\/castelldor.com\/mi-cuenta\/"},"modified":"2023-05-08T13:51:00","modified_gmt":"2023-05-08T11:51:00","slug":"mi-cuenta","status":"publish","type":"page","link":"https:\/\/castelldor.com\/es\/mi-cuenta\/","title":{"rendered":"Mi cuenta"},"content":{"rendered":"\t\t<div data-elementor-type=\"wp-page\" data-elementor-id=\"5424\" class=\"elementor elementor-5424 elementor-873\" data-elementor-post-type=\"page\">\n\t\t\t\t<div data-particle_enable=\"false\" data-particle-mobile-disabled=\"false\" data-dce-background-image-url=\"https:\/\/castelldor.com\/wp-content\/uploads\/2022\/07\/Pampas-Party-enredados-17.jpg\" class=\"elementor-element elementor-element-8c48abb e-flex e-con-boxed e-con e-parent\" data-id=\"8c48abb\" data-element_type=\"container\" data-e-type=\"container\" data-settings=\"{&quot;background_background&quot;:&quot;classic&quot;}\">\n\t\t\t\t\t<div class=\"e-con-inner\">\n\t\t\t\t<div class=\"elementor-element elementor-element-6f6c680 elementor-widget elementor-widget-heading\" data-id=\"6f6c680\" data-element_type=\"widget\" data-e-type=\"widget\" data-widget_type=\"heading.default\">\n\t\t\t\t<div class=\"elementor-widget-container\">\n\t\t\t\t\t<h1 class=\"elementor-heading-title elementor-size-default\">Mi cuenta<\/h1>\t\t\t\t<\/div>\n\t\t\t\t<\/div>\n\t\t\t\t\t<\/div>\n\t\t\t\t<\/div>\n\t\t<div data-particle_enable=\"false\" data-particle-mobile-disabled=\"false\" class=\"elementor-element elementor-element-4308313 e-flex e-con-boxed e-con e-parent\" data-id=\"4308313\" data-element_type=\"container\" data-e-type=\"container\">\n\t\t\t\t\t<div class=\"e-con-inner\">\n\t\t<div data-particle_enable=\"false\" data-particle-mobile-disabled=\"false\" class=\"elementor-element elementor-element-1de0025 e-con-full e-flex e-con e-child\" data-id=\"1de0025\" data-element_type=\"container\" data-e-type=\"container\">\n\t\t\t\t<div class=\"elementor-element elementor-element-971d099 elementor-widget elementor-widget-heading\" data-id=\"971d099\" data-element_type=\"widget\" data-e-type=\"widget\" data-widget_type=\"heading.default\">\n\t\t\t\t<div class=\"elementor-widget-container\">\n\t\t\t\t\t<h2 class=\"elementor-heading-title elementor-size-default\">\u00a1Bienvenido\/da al \u00e1rea privada<br>\nde la tienda en l\u00ednea de Castell d\u2019Or!<\/h2>\t\t\t\t<\/div>\n\t\t\t\t<\/div>\n\t\t\t\t<div class=\"elementor-element elementor-element-adccd64 elementor-widget elementor-widget-text-editor\" data-id=\"adccd64\" data-element_type=\"widget\" data-e-type=\"widget\" data-widget_type=\"text-editor.default\">\n\t\t\t\t<div class=\"elementor-widget-container\">\n\t\t\t\t\t\t\t\t\t<p style=\"margin-bottom: 0;\">Estamos encantados que hayas decidido registrarte para conseguir ventajas exclusivas y hacer que tu experiencia de compra sea m\u00e1s f\u00e1cil y agradable.<\/p>\t\t\t\t\t\t\t\t<\/div>\n\t\t\t\t<\/div>\n\t\t\t\t<\/div>\n\t\t\t\t\t<\/div>\n\t\t\t\t<\/div>\n\t\t<div data-particle_enable=\"false\" data-particle-mobile-disabled=\"false\" class=\"elementor-element elementor-element-7e3e576 e-flex e-con-boxed e-con e-parent\" data-id=\"7e3e576\" data-element_type=\"container\" data-e-type=\"container\">\n\t\t\t\t\t<div class=\"e-con-inner\">\n\t\t\t\t<div class=\"elementor-element elementor-element-6e27e09 elementor-widget elementor-widget-shortcode\" data-id=\"6e27e09\" data-element_type=\"widget\" data-e-type=\"widget\" data-widget_type=\"shortcode.default\">\n\t\t\t\t<div class=\"elementor-widget-container\">\n\t\t\t\t\t\t\t<div class=\"elementor-shortcode\"><div class=\"woocommerce\"><\/div><\/div>\n\t\t\t\t\t\t<\/div>\n\t\t\t\t<\/div>\n\t\t\t\t\t<\/div>\n\t\t\t\t<\/div>\n\t\t<div data-particle_enable=\"false\" data-particle-mobile-disabled=\"false\" class=\"elementor-element elementor-element-64a5f11 comparteix_enlla\u00e7 e-flex e-con-boxed e-con e-parent\" data-id=\"64a5f11\" data-element_type=\"container\" data-e-type=\"container\">\n\t\t\t\t\t<div class=\"e-con-inner\">\n\t\t<div data-particle_enable=\"false\" data-particle-mobile-disabled=\"false\" class=\"elementor-element elementor-element-31bc68a e-con-full e-flex e-con e-child\" data-id=\"31bc68a\" data-element_type=\"container\" data-e-type=\"container\">\n\t\t\t\t<div data-dce-title-color=\"#121212\" class=\"elementor-element elementor-element-783f1e8 elementor-headline--style-highlight elementor-widget elementor-widget-animated-headline\" data-id=\"783f1e8\" data-element_type=\"widget\" data-e-type=\"widget\" data-settings=\"{&quot;marker&quot;:&quot;underline&quot;,&quot;highlighted_text&quot;:&quot;Compartir tu enlace &quot;,&quot;headline_style&quot;:&quot;highlight&quot;,&quot;highlight_animation_duration&quot;:1200}\" data-widget_type=\"animated-headline.default\">\n\t\t\t\t<div class=\"elementor-widget-container\">\n\t\t\t\t\t\t\t<h3 class=\"elementor-headline\">\n\t\t\t\t<span class=\"elementor-headline-dynamic-wrapper elementor-headline-text-wrapper\">\n\t\t\t\t\t<span class=\"elementor-headline-dynamic-text elementor-headline-text-active\">Compartir tu enlace <\/span>\n\t\t\t\t<\/span>\n\t\t\t\t\t<span class=\"elementor-headline-plain-text elementor-headline-text-wrapper\">de referencia es r\u00e1pido y sencillo<\/span>\n\t\t\t\t\t<\/h3>\n\t\t\t\t\t\t<\/div>\n\t\t\t\t<\/div>\n\t\t<div data-particle_enable=\"false\" data-particle-mobile-disabled=\"false\" class=\"elementor-element elementor-element-449a9c1 e-con-full e-flex e-con e-child\" data-id=\"449a9c1\" data-element_type=\"container\" data-e-type=\"container\">\n\t\t<div data-particle_enable=\"false\" data-particle-mobile-disabled=\"false\" class=\"elementor-element elementor-element-d821fdc e-con-full e-flex e-con e-child\" data-id=\"d821fdc\" data-element_type=\"container\" data-e-type=\"container\">\n\t\t\t\t<div class=\"elementor-element elementor-element-775cd1d elementor-widget elementor-widget-text-editor\" data-id=\"775cd1d\" data-element_type=\"widget\" data-e-type=\"widget\" data-widget_type=\"text-editor.default\">\n\t\t\t\t<div class=\"elementor-widget-container\">\n\t\t\t\t\t\t\t\t\t<p>Tus amigos tambi\u00e9n obtendr\u00e1n ventajas exclusivas por ser nuevos miembros de nuestro Club.<\/p><p>Gracias por ayudarnos a crecer nuestra comunidad y llevar a m\u00e1s personas a descubrir nuestra excelente selecci\u00f3n de productos.<\/p>\t\t\t\t\t\t\t\t<\/div>\n\t\t\t\t<\/div>\n\t\t\t\t<\/div>\n\t\t\t\t<\/div>\n\t\t\t\t<\/div>\n\t\t<div data-particle_enable=\"false\" data-particle-mobile-disabled=\"false\" class=\"elementor-element elementor-element-53ef2b3 e-con-full e-flex e-con e-child\" data-id=\"53ef2b3\" data-element_type=\"container\" data-e-type=\"container\">\n\t\t\t\t<div class=\"elementor-element elementor-element-95d69d3 dce_masking-none elementor-widget elementor-widget-image\" data-id=\"95d69d3\" data-element_type=\"widget\" data-e-type=\"widget\" data-settings=\"{&quot;motion_fx_motion_fx_scrolling&quot;:&quot;yes&quot;,&quot;motion_fx_range&quot;:&quot;viewport&quot;,&quot;motion_fx_devices&quot;:[&quot;desktop&quot;,&quot;tablet&quot;,&quot;mobile&quot;]}\" data-widget_type=\"image.default\">\n\t\t\t\t<div class=\"elementor-widget-container\">\n\t\t\t\t\t\t\t\t\t\t\t\t\t\t\t<img decoding=\"async\" src=\"https:\/\/castelldor.com\/wp-content\/uploads\/elementor\/thumbs\/Celebracion-Club-d-or-q65s7yw2t1iu6i7nv0jy0qg70dr4beoyt5v9ya0xm0.jpg\" title=\"Celebracion-Club-d-or.jpg\" alt=\"Celebracion-Club-d-or.jpg\" loading=\"lazy\" \/>\t\t\t\t\t\t\t\t\t\t\t\t\t\t\t<\/div>\n\t\t\t\t<\/div>\n\t\t\t\t<\/div>\n\t\t\t\t\t<\/div>\n\t\t\t\t<\/div>\n\t\t<div data-particle_enable=\"false\" data-particle-mobile-disabled=\"false\" class=\"elementor-element elementor-element-ca2bb0f e-flex e-con-boxed e-con e-parent\" data-id=\"ca2bb0f\" data-element_type=\"container\" data-e-type=\"container\">\n\t\t\t\t\t<div class=\"e-con-inner\">\n\t\t<div data-particle_enable=\"false\" data-particle-mobile-disabled=\"false\" class=\"elementor-element elementor-element-c52ef30 e-con-full e-flex e-con e-child\" data-id=\"c52ef30\" data-element_type=\"container\" data-e-type=\"container\">\n\t\t\t\t<div class=\"elementor-element elementor-element-a41c2b1 elementor-view-stacked elementor-shape-circle elementor-widget elementor-widget-icon\" data-id=\"a41c2b1\" data-element_type=\"widget\" data-e-type=\"widget\" data-widget_type=\"icon.default\">\n\t\t\t\t<div class=\"elementor-widget-container\">\n\t\t\t\t\t\t\t<div class=\"elementor-icon-wrapper\">\n\t\t\t<div class=\"elementor-icon\">\n\t\t\t<svg xmlns=\"http:\/\/www.w3.org\/2000\/svg\" viewBox=\"0 0 15.6 15.8\"><g fill=\"#dda759\"><path d=\"m3.3 4.5c0-2.5 2-4.5 4.5-4.5s4.5 2 4.5 4.5-2 4.5-4.5 4.5c-2.5-.1-4.5-2.1-4.5-4.5m7.8 0c0-1.8-1.5-3.3-3.3-3.3s-3.3 1.4-3.3 3.3 1.5 3.3 3.3 3.3c1.8 0 3.3-1.5 3.3-3.3\"><\/path><path d=\"m15.6 15.2c0 .2-.2.5-.4.6s-.5 0-.6-.2c-.1-.1-.1-.1-.1-.2-1.4-2.5-4.1-3.9-6.9-3.7-2.6.1-5 1.5-6.3 3.8-.1.3-.5.4-.8.3-.5-.2-.6-.5-.5-.8 0 0 0-.1.1-.1.5-.8 1.1-1.6 1.8-2.2 1.7-1.5 3.9-2.3 6.1-2.2 3.1.1 5.8 1.7 7.4 4.4.1.1.1.2.2.3\"><\/path><\/g><\/svg>\t\t\t<\/div>\n\t\t<\/div>\n\t\t\t\t\t\t<\/div>\n\t\t\t\t<\/div>\n\t\t<div data-particle_enable=\"false\" data-particle-mobile-disabled=\"false\" class=\"elementor-element elementor-element-7450f52 e-flex e-con-boxed e-con e-child\" data-id=\"7450f52\" data-element_type=\"container\" data-e-type=\"container\">\n\t\t\t\t\t<div class=\"e-con-inner\">\n\t\t<div data-particle_enable=\"false\" data-particle-mobile-disabled=\"false\" class=\"elementor-element elementor-element-ad2905f e-flex e-con-boxed e-con e-child\" data-id=\"ad2905f\" data-element_type=\"container\" data-e-type=\"container\">\n\t\t\t\t\t<div class=\"e-con-inner\">\n\t\t\t\t<div class=\"elementor-element elementor-element-d758c49 elementor-widget elementor-widget-text-editor\" data-id=\"d758c49\" data-element_type=\"widget\" data-e-type=\"widget\" data-widget_type=\"text-editor.default\">\n\t\t\t\t<div class=\"elementor-widget-container\">\n\t\t\t\t\t\t\t\t\t<p>Ahora que has creado tu cuenta, podr\u00e1s acceder a funciones especiales que solo est\u00e1n disponibles para los usuarios registrados.<\/p><p>Tambi\u00e9n podr\u00e1s mantener tu historial de compras y configurar tus preferencias de correo electr\u00f3nico para estar en el d\u00eda de las \u00faltimas novedades y ofertas.<\/p><p>Adem\u00e1s, el proceso de compra ser\u00e1 m\u00e1s r\u00e1pido y sencillo, puesto que no tendr\u00e1s que reintroducir tus datos cada vez que realices una compra.<\/p>\t\t\t\t\t\t\t\t<\/div>\n\t\t\t\t<\/div>\n\t\t\t\t\t<\/div>\n\t\t\t\t<\/div>\n\t\t\t\t\t<\/div>\n\t\t\t\t<\/div>\n\t\t\t\t<div class=\"elementor-element elementor-element-86f3a5a elementor-widget elementor-widget-heading\" data-id=\"86f3a5a\" data-element_type=\"widget\" data-e-type=\"widget\" data-widget_type=\"heading.default\">\n\t\t\t\t<div class=\"elementor-widget-container\">\n\t\t\t\t\t<h3 class=\"elementor-heading-title elementor-size-default\">\u00a1Gracias para formar parte de la comunidad de Castell d\u2019Or!<\/h3>\t\t\t\t<\/div>\n\t\t\t\t<\/div>\n\t\t\t\t<\/div>\n\t\t\t\t\t<\/div>\n\t\t\t\t<\/div>\n\t\t\t\t<\/div>\n\t\t","protected":false},"excerpt":{"rendered":"<p>\u00a1Bienvenido\/da al \u00e1rea privada de la tienda en l\u00ednea de Castell d\u2019Or! Estamos encantados que hayas decidido registrarte para conseguir ventajas exclusivas y hacer que tu experiencia de compra sea m\u00e1s f\u00e1cil y agradable. Compartir tu enlace de referencia es r\u00e1pido y sencillo Tus amigos tambi\u00e9n obtendr\u00e1n ventajas exclusivas por ser nuevos miembros de nuestro&hellip;&nbsp;<a href=\"https:\/\/castelldor.com\/es\/mi-cuenta\/\" rel=\"bookmark\">Read More &raquo;<span class=\"screen-reader-text\">Mi cuenta<\/span><\/a><\/p>\n","protected":false},"author":1,"featured_media":0,"parent":0,"menu_order":0,"comment_status":"closed","ping_status":"closed","template":"page-templates\/template-pagebuilder-full-width.php","meta":{"_acf_changed":false,"inline_featured_image":false,"neve_meta_sidebar":"","neve_meta_container":"","neve_meta_enable_content_width":"off","neve_meta_content_width":100,"neve_meta_title_alignment":"","neve_meta_author_avatar":"","neve_post_elements_order":"","neve_meta_disable_header":"","neve_meta_disable_footer":"","neve_meta_disable_title":"","neve_meta_reading_time":"","footnotes":""},"class_list":["post-5424","page","type-page","status-publish","hentry"],"acf":[],"yoast_head":"<!-- This site is optimized with the Yoast SEO plugin v27.1.1 - https:\/\/yoast.com\/product\/yoast-seo-wordpress\/ -->\n<title>Mi cuenta | Castell d&#039;Or<\/title>\n<meta name=\"robots\" content=\"noindex, follow\" \/>\n<meta property=\"og:locale\" content=\"es_ES\" \/>\n<meta property=\"og:type\" content=\"article\" \/>\n<meta property=\"og:title\" content=\"Mi cuenta | Castell d&#039;Or\" \/>\n<meta property=\"og:description\" content=\"\u00a1Bienvenido\/da al \u00e1rea privada de la tienda en l\u00ednea de Castell d\u2019Or! Estamos encantados que hayas decidido registrarte para conseguir ventajas exclusivas y hacer que tu experiencia de compra sea m\u00e1s f\u00e1cil y agradable. Compartir tu enlace de referencia es r\u00e1pido y sencillo Tus amigos tambi\u00e9n obtendr\u00e1n ventajas exclusivas por ser nuevos miembros de nuestro&hellip;&nbsp;Read More &raquo;Mi cuenta\" \/>\n<meta property=\"og:url\" content=\"https:\/\/castelldor.com\/es\/mi-cuenta\/\" \/>\n<meta property=\"og:site_name\" content=\"Castell d&#039;Or\" \/>\n<meta property=\"article:modified_time\" content=\"2023-05-08T11:51:00+00:00\" \/>\n<meta property=\"og:image\" content=\"https:\/\/castelldor.com\/wp-content\/uploads\/elementor\/thumbs\/Celebracion-Club-d-or-q65s7yw2t1iu6i7nv0jy0qg70dr4beoyt5v9ya0xm0.jpg\" \/>\n<meta name=\"twitter:card\" content=\"summary_large_image\" \/>\n<meta name=\"twitter:label1\" content=\"Tiempo de lectura\" \/>\n\t<meta name=\"twitter:data1\" content=\"2 minutos\" \/>\n<script type=\"application\/ld+json\" class=\"yoast-schema-graph\">{\"@context\":\"https:\/\/schema.org\",\"@graph\":[{\"@type\":\"WebPage\",\"@id\":\"https:\/\/castelldor.com\/es\/mi-cuenta\/\",\"url\":\"https:\/\/castelldor.com\/es\/mi-cuenta\/\",\"name\":\"Mi cuenta | Castell d&#039;Or\",\"isPartOf\":{\"@id\":\"https:\/\/castelldor.com\/es\/#website\"},\"primaryImageOfPage\":{\"@id\":\"https:\/\/castelldor.com\/es\/mi-cuenta\/#primaryimage\"},\"image\":{\"@id\":\"https:\/\/castelldor.com\/es\/mi-cuenta\/#primaryimage\"},\"thumbnailUrl\":\"https:\/\/castelldor.com\/wp-content\/uploads\/elementor\/thumbs\/Celebracion-Club-d-or-q65s7yw2t1iu6i7nv0jy0qg70dr4beoyt5v9ya0xm0.jpg\",\"datePublished\":\"2022-06-13T14:53:39+00:00\",\"dateModified\":\"2023-05-08T11:51:00+00:00\",\"breadcrumb\":{\"@id\":\"https:\/\/castelldor.com\/es\/mi-cuenta\/#breadcrumb\"},\"inLanguage\":\"es\",\"potentialAction\":[{\"@type\":\"ReadAction\",\"target\":[\"https:\/\/castelldor.com\/es\/mi-cuenta\/\"]}]},{\"@type\":\"ImageObject\",\"inLanguage\":\"es\",\"@id\":\"https:\/\/castelldor.com\/es\/mi-cuenta\/#primaryimage\",\"url\":\"https:\/\/castelldor.com\/wp-content\/uploads\/elementor\/thumbs\/Celebracion-Club-d-or-q65s7yw2t1iu6i7nv0jy0qg70dr4beoyt5v9ya0xm0.jpg\",\"contentUrl\":\"https:\/\/castelldor.com\/wp-content\/uploads\/elementor\/thumbs\/Celebracion-Club-d-or-q65s7yw2t1iu6i7nv0jy0qg70dr4beoyt5v9ya0xm0.jpg\"},{\"@type\":\"BreadcrumbList\",\"@id\":\"https:\/\/castelldor.com\/es\/mi-cuenta\/#breadcrumb\",\"itemListElement\":[{\"@type\":\"ListItem\",\"position\":1,\"name\":\"Inici\",\"item\":\"https:\/\/castelldor.com\/es\/\"},{\"@type\":\"ListItem\",\"position\":2,\"name\":\"Mi cuenta\"}]},{\"@type\":\"WebSite\",\"@id\":\"https:\/\/castelldor.com\/es\/#website\",\"url\":\"https:\/\/castelldor.com\/es\/\",\"name\":\"Castell d&#039;Or\",\"description\":\"Love people, Love wine\",\"publisher\":{\"@id\":\"https:\/\/castelldor.com\/es\/#organization\"},\"potentialAction\":[{\"@type\":\"SearchAction\",\"target\":{\"@type\":\"EntryPoint\",\"urlTemplate\":\"https:\/\/castelldor.com\/es\/?s={search_term_string}\"},\"query-input\":{\"@type\":\"PropertyValueSpecification\",\"valueRequired\":true,\"valueName\":\"search_term_string\"}}],\"inLanguage\":\"es\"},{\"@type\":\"Organization\",\"@id\":\"https:\/\/castelldor.com\/es\/#organization\",\"name\":\"Castell d'Or\",\"url\":\"https:\/\/castelldor.com\/es\/\",\"logo\":{\"@type\":\"ImageObject\",\"inLanguage\":\"es\",\"@id\":\"https:\/\/castelldor.com\/es\/#\/schema\/logo\/image\/\",\"url\":\"https:\/\/castelldor.com\/wp-content\/uploads\/2022\/08\/Castell-dor-blanc.svg\",\"contentUrl\":\"https:\/\/castelldor.com\/wp-content\/uploads\/2022\/08\/Castell-dor-blanc.svg\",\"width\":169,\"height\":61,\"caption\":\"Castell d'Or\"},\"image\":{\"@id\":\"https:\/\/castelldor.com\/es\/#\/schema\/logo\/image\/\"}}]}<\/script>\n<!-- \/ Yoast SEO plugin. -->","yoast_head_json":{"title":"Mi cuenta | Castell d&#039;Or","robots":{"index":"noindex","follow":"follow"},"og_locale":"es_ES","og_type":"article","og_title":"Mi cuenta | Castell d&#039;Or","og_description":"\u00a1Bienvenido\/da al \u00e1rea privada de la tienda en l\u00ednea de Castell d\u2019Or! Estamos encantados que hayas decidido registrarte para conseguir ventajas exclusivas y hacer que tu experiencia de compra sea m\u00e1s f\u00e1cil y agradable. Compartir tu enlace de referencia es r\u00e1pido y sencillo Tus amigos tambi\u00e9n obtendr\u00e1n ventajas exclusivas por ser nuevos miembros de nuestro&hellip;&nbsp;Read More &raquo;Mi cuenta","og_url":"https:\/\/castelldor.com\/es\/mi-cuenta\/","og_site_name":"Castell d&#039;Or","article_modified_time":"2023-05-08T11:51:00+00:00","og_image":[{"url":"https:\/\/castelldor.com\/wp-content\/uploads\/elementor\/thumbs\/Celebracion-Club-d-or-q65s7yw2t1iu6i7nv0jy0qg70dr4beoyt5v9ya0xm0.jpg","type":"","width":"","height":""}],"twitter_card":"summary_large_image","twitter_misc":{"Tiempo de lectura":"2 minutos"},"schema":{"@context":"https:\/\/schema.org","@graph":[{"@type":"WebPage","@id":"https:\/\/castelldor.com\/es\/mi-cuenta\/","url":"https:\/\/castelldor.com\/es\/mi-cuenta\/","name":"Mi cuenta | Castell d&#039;Or","isPartOf":{"@id":"https:\/\/castelldor.com\/es\/#website"},"primaryImageOfPage":{"@id":"https:\/\/castelldor.com\/es\/mi-cuenta\/#primaryimage"},"image":{"@id":"https:\/\/castelldor.com\/es\/mi-cuenta\/#primaryimage"},"thumbnailUrl":"https:\/\/castelldor.com\/wp-content\/uploads\/elementor\/thumbs\/Celebracion-Club-d-or-q65s7yw2t1iu6i7nv0jy0qg70dr4beoyt5v9ya0xm0.jpg","datePublished":"2022-06-13T14:53:39+00:00","dateModified":"2023-05-08T11:51:00+00:00","breadcrumb":{"@id":"https:\/\/castelldor.com\/es\/mi-cuenta\/#breadcrumb"},"inLanguage":"es","potentialAction":[{"@type":"ReadAction","target":["https:\/\/castelldor.com\/es\/mi-cuenta\/"]}]},{"@type":"ImageObject","inLanguage":"es","@id":"https:\/\/castelldor.com\/es\/mi-cuenta\/#primaryimage","url":"https:\/\/castelldor.com\/wp-content\/uploads\/elementor\/thumbs\/Celebracion-Club-d-or-q65s7yw2t1iu6i7nv0jy0qg70dr4beoyt5v9ya0xm0.jpg","contentUrl":"https:\/\/castelldor.com\/wp-content\/uploads\/elementor\/thumbs\/Celebracion-Club-d-or-q65s7yw2t1iu6i7nv0jy0qg70dr4beoyt5v9ya0xm0.jpg"},{"@type":"BreadcrumbList","@id":"https:\/\/castelldor.com\/es\/mi-cuenta\/#breadcrumb","itemListElement":[{"@type":"ListItem","position":1,"name":"Inici","item":"https:\/\/castelldor.com\/es\/"},{"@type":"ListItem","position":2,"name":"Mi cuenta"}]},{"@type":"WebSite","@id":"https:\/\/castelldor.com\/es\/#website","url":"https:\/\/castelldor.com\/es\/","name":"Castell d&#039;Or","description":"Love people, Love wine","publisher":{"@id":"https:\/\/castelldor.com\/es\/#organization"},"potentialAction":[{"@type":"SearchAction","target":{"@type":"EntryPoint","urlTemplate":"https:\/\/castelldor.com\/es\/?s={search_term_string}"},"query-input":{"@type":"PropertyValueSpecification","valueRequired":true,"valueName":"search_term_string"}}],"inLanguage":"es"},{"@type":"Organization","@id":"https:\/\/castelldor.com\/es\/#organization","name":"Castell d'Or","url":"https:\/\/castelldor.com\/es\/","logo":{"@type":"ImageObject","inLanguage":"es","@id":"https:\/\/castelldor.com\/es\/#\/schema\/logo\/image\/","url":"https:\/\/castelldor.com\/wp-content\/uploads\/2022\/08\/Castell-dor-blanc.svg","contentUrl":"https:\/\/castelldor.com\/wp-content\/uploads\/2022\/08\/Castell-dor-blanc.svg","width":169,"height":61,"caption":"Castell d'Or"},"image":{"@id":"https:\/\/castelldor.com\/es\/#\/schema\/logo\/image\/"}}]}},"_links":{"self":[{"href":"https:\/\/castelldor.com\/es\/wp-json\/wp\/v2\/pages\/5424","targetHints":{"allow":["GET"]}}],"collection":[{"href":"https:\/\/castelldor.com\/es\/wp-json\/wp\/v2\/pages"}],"about":[{"href":"https:\/\/castelldor.com\/es\/wp-json\/wp\/v2\/types\/page"}],"author":[{"embeddable":true,"href":"https:\/\/castelldor.com\/es\/wp-json\/wp\/v2\/users\/1"}],"replies":[{"embeddable":true,"href":"https:\/\/castelldor.com\/es\/wp-json\/wp\/v2\/comments?post=5424"}],"version-history":[{"count":30,"href":"https:\/\/castelldor.com\/es\/wp-json\/wp\/v2\/pages\/5424\/revisions"}],"predecessor-version":[{"id":132410,"href":"https:\/\/castelldor.com\/es\/wp-json\/wp\/v2\/pages\/5424\/revisions\/132410"}],"wp:attachment":[{"href":"https:\/\/castelldor.com\/es\/wp-json\/wp\/v2\/media?parent=5424"}],"curies":[{"name":"wp","href":"https:\/\/api.w.org\/{rel}","templated":true}]}}