{"id":135491,"date":"2024-03-07T13:52:59","date_gmt":"2024-03-07T12:52:59","guid":{"rendered":"https:\/\/castelldor.com\/?page_id=135491"},"modified":"2024-03-08T09:41:23","modified_gmt":"2024-03-08T08:41:23","slug":"sistema-interno-de-informacion","status":"publish","type":"page","link":"https:\/\/castelldor.com\/es\/sistema-interno-de-informacion\/","title":{"rendered":"Sistema Interno de Informaci\u00f3n"},"content":{"rendered":"\t\t<div data-elementor-type=\"wp-page\" data-elementor-id=\"135491\" class=\"elementor elementor-135491\" data-elementor-post-type=\"page\">\n\t\t\t\t\t\t<section data-particle_enable=\"false\" data-particle-mobile-disabled=\"false\" data-dce-background-image-url=\"https:\/\/castelldor.com\/wp-content\/uploads\/2022\/07\/pexels-cup-of-couple-7303409-scaled.jpg\" class=\"elementor-section elementor-top-section elementor-element elementor-element-ce112ac elementor-section-height-min-height elementor-section-boxed elementor-section-height-default elementor-section-items-middle\" data-id=\"ce112ac\" data-element_type=\"section\" data-e-type=\"section\" data-settings=\"{&quot;background_background&quot;:&quot;classic&quot;}\">\n\t\t\t\t\t\t\t<div class=\"elementor-background-overlay\"><\/div>\n\t\t\t\t\t\t\t<div class=\"elementor-container elementor-column-gap-default\">\n\t\t\t\t\t<div class=\"elementor-column elementor-col-100 elementor-top-column elementor-element elementor-element-d50452d\" data-id=\"d50452d\" data-element_type=\"column\" data-e-type=\"column\" data-settings=\"{&quot;motion_fx_motion_fx_scrolling&quot;:&quot;yes&quot;,&quot;motion_fx_devices&quot;:[&quot;desktop&quot;]}\">\n\t\t\t<div class=\"elementor-widget-wrap elementor-element-populated\">\n\t\t\t\t\t\t<div data-dce-title-color=\"#FFFFFF\" class=\"elementor-element elementor-element-5c8f7b7 animated-slow elementor-invisible elementor-widget elementor-widget-heading\" data-id=\"5c8f7b7\" data-element_type=\"widget\" data-e-type=\"widget\" data-settings=\"{&quot;_animation&quot;:&quot;fadeIn&quot;}\" data-widget_type=\"heading.default\">\n\t\t\t\t<div class=\"elementor-widget-container\">\n\t\t\t\t\t<h2 class=\"elementor-heading-title elementor-size-default\">Sistema Interno de Informaci\u00f3n<\/h2>\t\t\t\t<\/div>\n\t\t\t\t<\/div>\n\t\t\t\t\t<\/div>\n\t\t<\/div>\n\t\t\t\t\t<\/div>\n\t\t<\/section>\n\t\t\t\t<section data-particle_enable=\"false\" data-particle-mobile-disabled=\"false\" class=\"elementor-section elementor-top-section elementor-element elementor-element-5dbc367 elementor-section-boxed elementor-section-height-default elementor-section-height-default\" data-id=\"5dbc367\" data-element_type=\"section\" data-e-type=\"section\">\n\t\t\t\t\t\t<div class=\"elementor-container elementor-column-gap-default\">\n\t\t\t\t\t<div class=\"elementor-column elementor-col-100 elementor-top-column elementor-element elementor-element-472d0b2\" data-id=\"472d0b2\" data-element_type=\"column\" data-e-type=\"column\">\n\t\t\t<div class=\"elementor-widget-wrap elementor-element-populated\">\n\t\t\t\t\t\t<div data-dce-text-color=\"#959393\" class=\"elementor-element elementor-element-6031b74 animated-slow elementor-invisible elementor-widget elementor-widget-text-editor\" data-id=\"6031b74\" data-element_type=\"widget\" data-e-type=\"widget\" data-settings=\"{&quot;_animation&quot;:&quot;fadeIn&quot;}\" data-widget_type=\"text-editor.default\">\n\t\t\t\t<div class=\"elementor-widget-container\">\n\t\t\t\t\t\t\t\t\t<p><strong>CASTELL D\u2019OR, S.L.<\/strong> (en adelante, la Entidad) ha implantado un <strong>Sistema Interno de Informaci\u00f3n (SIIF)<\/strong>, el cual integra los diferentes canales de informaci\u00f3n internos de la organizaci\u00f3n y se configura como un eje fundamental para el fomento de la cultura de actuaci\u00f3n \u00e9tica, responsable y sostenible, con el deber de supervisi\u00f3n, control y prevenci\u00f3n en materia de cumplimiento normativo.<\/p><p>El sistema constituye el cauce preferente y una herramienta de utilizaci\u00f3n obligatoria para canalizar diligentemente las comunicaciones sobre infracciones e incumplimientos normativos, con total protecci\u00f3n de los informantes, sin riesgo de represalias y con las medidas de protecci\u00f3n necesarias.<\/p><p>El SIIF se ha dise\u00f1ado, configurado y est\u00e1 gestionado con las medidas y mecanismos necesarios de seguridad, confidencialidad, protecci\u00f3n de datos y protecci\u00f3n al informante. Para ello contamos con la colaboraci\u00f3n y soporte del experto externo <strong>BONET consulting<\/strong>, que aporta altos niveles de profesionalidad, experiencia, independencia, confidencialidad y cumplimiento del marco normativo aplicable.<\/p><p>Por consiguiente, la Entidad ha dotado el SIIF de una serie de garant\u00edas, entre las que se encuentran el anonimato\/anonimizaci\u00f3n, el adecuado registro, la conservaci\u00f3n y no alteraci\u00f3n de la informaci\u00f3n, la prevenci\u00f3n de conflictos de inter\u00e9s, la protecci\u00f3n del informante y la prohibici\u00f3n de represalias.<\/p><p>Para conocer en detalle los principios de actuaci\u00f3n y las garant\u00edas fundamentales que rigen el Sistema Interno de Informaci\u00f3n de la Entidad en virtud de los requisitos exigidos por la nueva normativa puede ver y acceder a <a href=\"https:\/\/castelldor.com\/wp-content\/uploads\/2024\/03\/2-Politica-General-Sistema-Interno-Informacion-CASTELL-DOR.pdf\" target=\"_blank\" rel=\"noopener\"><strong>la Pol\u00edtica General del Sistema Interno de Informaci\u00f3n y Defensa del Informante<\/strong><\/a>.<\/p><p><strong>Canales de Informaci\u00f3n<\/strong><br \/>La Entidad ha habilitado distintos canales internos de informaci\u00f3n que permiten la presentaci\u00f3n de comunicaciones en formato escrito o verbal. A tal efecto, la Entidad cuenta con la configuraci\u00f3n, dise\u00f1o y soporte de un experto externo en aras de aportar los m\u00e1s altos niveles de profesionalidad, experiencia, independencia, confidencialidad, protecci\u00f3n de datos y del informante, y otros \u00e1mbitos aplicables para este tipo de canales. En nuestra Pol\u00edtica puede encontrar ampliada la informaci\u00f3n sobre las caracter\u00edsticas t\u00e9cnicas de los canales. Los canales de nuestro SIIF son los siguientes:<\/p><p><strong>Canal On-line\/Digital<\/strong><br \/>La Entidad pone a su disposici\u00f3n una herramienta on-line mediante la cual cualquier empleado o persona relacionada con la Entidad podr\u00e1 presentar una comunicaci\u00f3n por escrito a trav\u00e9s de los siguientes enlaces: <a href=\"https:\/\/corporate-line.com\/cnormativo-castelldor\" target=\"_blank\" rel=\"noopener\">https:\/\/corporate-line.com\/cnormativo-castelldor<\/a><br \/>Esta herramienta cuenta con medidas de seguridad que garantizan la protecci\u00f3n de la informaci\u00f3n, la identidad del informante y la de aquellas personas afectadas por la misma, as\u00ed como la confidencialidad y reserva de todo el proceso de gesti\u00f3n y tramitaci\u00f3n de la comunicaci\u00f3n.<\/p><p><strong>Canal Presencial \/ \u201cFace to face\u201d<\/strong><br \/>Otra de las v\u00edas que la Entidad pone a disposici\u00f3n de sus empleados y aquellos terceros que se relacionan con \u00e9sta es el canal presencial, que permite la presentaci\u00f3n de comunicaciones verbales mediante una reuni\u00f3n presencial o por videoconferencia.<br \/>Al objeto de asegurar el debido cumplimiento de los compromisos y garant\u00edas recogidas en nuestra Pol\u00edtica y el marco normativo de aplicaci\u00f3n para este tipo de comunicaciones, la Entidad ha encomendado esta funci\u00f3n de gesti\u00f3n de estas comunicaciones al experto externo BONET consulting, para garantizar la protecci\u00f3n de la identidad del informante tanto en el proceso de solicitud de cita previa, en la presentaci\u00f3n de una comunicaci\u00f3n en formato presencial, como en el lugar de realizaci\u00f3n de la misma.<br \/>Los profesionales de BONET son los responsables de la gesti\u00f3n de las solicitudes para presentar las comunicaciones a trav\u00e9s de este canal, as\u00ed como de la recogida y conservaci\u00f3n de toda la informaci\u00f3n aportada en dicha solicitud. Tal y como establece la Ley, dichas reuniones quedar\u00e1n documentadas mediante una grabaci\u00f3n anonimizada, con el consentimiento previo del informante.<br \/>Para poder hacer uso de este canal, debe solicitar <strong>cita previa<\/strong> a trav\u00e9s de las siguientes v\u00edas de contacto:<\/p><ul><li><strong>Tel\u00e9fono:<\/strong> <a href=\"tel:911087727\">911087727<\/a> \/ <a href=\"tel:930460116\">930460116<\/a><\/li><\/ul><p>El horario de atenci\u00f3n al informante es el siguiente:<\/p><ul><li>De lunes a jueves de 8:30 a 14:00 y de 15:00 a 18:00 horas.<\/li><li>Viernes de 8:30 a 14:30 horas.<\/li><\/ul><ul><li><strong><span class=\"s21\">E-mail<\/span><span class=\"s21\">: <\/span><\/strong><a href=\"mailto:siifexterno@sistema-interno-informacion.com\"><span class=\"s15\">siifexterno@<\/span><span class=\"s15\">s<\/span><span class=\"s15\">istema<\/span><span class=\"s15\">-interno-informacion.com<\/span><\/a><\/li><\/ul><p class=\"s10\"><span class=\"s6\">A<\/span><span class=\"s6\">l<\/span><span class=\"s6\"> objeto de garantizar las medidas de protecci\u00f3n y seguridad necesarias de <\/span><span class=\"s6\">este <\/span><span class=\"s6\">tipo de comunicaciones, no se podr\u00e1n realizar ni<\/span><span class=\"s6\"> se registrar\u00e1n comunicaciones presentadas<\/span><span class=\"s6\"> directamente<\/span><span class=\"s6\"> por tel\u00e9fono o e<\/span><span class=\"s6\">&#8211;<\/span><span class=\"s6\">mail. Estas dos herramientas est\u00e1n habilitadas <\/span><span class=\"s6\">exclusivamente para coordinar con el personal t\u00e9cnico d\u00eda<\/span><span class=\"s6\">, <\/span><span class=\"s6\">hora<\/span><span class=\"s6\"> y lugar<\/span> <span class=\"s6\">para realizar la<\/span> <span class=\"s6\">comunicaci\u00f3n en formato presencial.<\/span><\/p><p class=\"s7\"><span class=\"s6\">Agradecemos sigan las indicaciones descritas anteriormente para acceder y utilizar adecuadamente los canales oficiales habilitados <\/span><span class=\"s6\">por la Entidad <\/span><span class=\"s6\">para <\/span><span class=\"s6\">la presentaci\u00f3n de comunicaciones<\/span><span class=\"s6\"> y <\/span><span class=\"s6\">la aplicaci\u00f3n de<\/span><span class=\"s6\"> todos nuestros mecanismos de seguridad y protecci\u00f3n necesarios.<\/span><\/p><p class=\"s7\"><span class=\"s6\">Para cualquier duda o consulta sobre el funcionamiento del Sistema Interno de Informaci\u00f3n de la Entidad, puede ponerse en contacto con el Responsable del Sistema a trav\u00e9s del siguiente email: <\/span><a href=\"mailto:etica@castelldor.com\"><span class=\"s28\">etica@castelldor.com<\/span><\/a><\/p>\t\t\t\t\t\t\t\t<\/div>\n\t\t\t\t<\/div>\n\t\t\t\t\t<\/div>\n\t\t<\/div>\n\t\t\t\t\t<\/div>\n\t\t<\/section>\n\t\t\t\t<\/div>\n\t\t","protected":false},"excerpt":{"rendered":"<p>CASTELL D\u2019OR, S.L. (en adelante, la Entidad) ha implantado un Sistema Interno de Informaci\u00f3n (SIIF), el cual integra los diferentes canales de informaci\u00f3n internos de la organizaci\u00f3n y se configura como un eje fundamental para el fomento de la cultura de actuaci\u00f3n \u00e9tica, responsable y sostenible, con el deber de supervisi\u00f3n, control y prevenci\u00f3n en&hellip;&nbsp;<a href=\"https:\/\/castelldor.com\/es\/sistema-interno-de-informacion\/\" rel=\"bookmark\">Read More &raquo;<span class=\"screen-reader-text\">Sistema Interno de Informaci\u00f3n<\/span><\/a><\/p>\n","protected":false},"author":1,"featured_media":0,"parent":0,"menu_order":0,"comment_status":"closed","ping_status":"closed","template":"elementor_header_footer","meta":{"_acf_changed":false,"inline_featured_image":false,"neve_meta_sidebar":"","neve_meta_container":"","neve_meta_enable_content_width":"off","neve_meta_content_width":100,"neve_meta_title_alignment":"","neve_meta_author_avatar":"","neve_post_elements_order":"","neve_meta_disable_header":"","neve_meta_disable_footer":"","neve_meta_disable_title":"","neve_meta_reading_time":"","footnotes":""},"class_list":["post-135491","page","type-page","status-publish","hentry"],"acf":[],"yoast_head":"<!-- This site is optimized with the Yoast SEO plugin v27.3 - https:\/\/yoast.com\/product\/yoast-seo-wordpress\/ -->\n<title>Sistema Interno de Informaci\u00f3n | Castell d&#039;Or<\/title>\n<meta name=\"description\" content=\"Entra i informa&#039;t sobre la nostra pol\u00edtica de devolucions i reemborsament. Accedeix i troba tota la informaci\u00f3 necess\u00e0ria.\" \/>\n<meta name=\"robots\" content=\"noindex, follow\" \/>\n<meta property=\"og:locale\" content=\"es_ES\" \/>\n<meta property=\"og:type\" content=\"article\" \/>\n<meta property=\"og:title\" content=\"Sistema Interno de Informaci\u00f3n | Castell d&#039;Or\" \/>\n<meta property=\"og:description\" content=\"Entra i informa&#039;t sobre la nostra pol\u00edtica de devolucions i reemborsament. Accedeix i troba tota la informaci\u00f3 necess\u00e0ria.\" \/>\n<meta property=\"og:url\" content=\"https:\/\/castelldor.com\/es\/sistema-interno-de-informacion\/\" \/>\n<meta property=\"og:site_name\" content=\"Castell d&#039;Or\" \/>\n<meta property=\"article:modified_time\" content=\"2024-03-08T08:41:23+00:00\" \/>\n<meta name=\"twitter:card\" content=\"summary_large_image\" \/>\n<meta name=\"twitter:label1\" content=\"Tiempo de lectura\" \/>\n\t<meta name=\"twitter:data1\" content=\"4 minutos\" \/>\n<script type=\"application\/ld+json\" class=\"yoast-schema-graph\">{\"@context\":\"https:\\\/\\\/schema.org\",\"@graph\":[{\"@type\":\"WebPage\",\"@id\":\"https:\\\/\\\/castelldor.com\\\/es\\\/sistema-interno-de-informacion\\\/\",\"url\":\"https:\\\/\\\/castelldor.com\\\/es\\\/sistema-interno-de-informacion\\\/\",\"name\":\"Sistema Interno de Informaci\u00f3n | Castell d&#039;Or\",\"isPartOf\":{\"@id\":\"https:\\\/\\\/castelldor.com\\\/es\\\/#website\"},\"datePublished\":\"2024-03-07T12:52:59+00:00\",\"dateModified\":\"2024-03-08T08:41:23+00:00\",\"description\":\"Entra i informa't sobre la nostra pol\u00edtica de devolucions i reemborsament. Accedeix i troba tota la informaci\u00f3 necess\u00e0ria.\",\"breadcrumb\":{\"@id\":\"https:\\\/\\\/castelldor.com\\\/es\\\/sistema-interno-de-informacion\\\/#breadcrumb\"},\"inLanguage\":\"es\",\"potentialAction\":[{\"@type\":\"ReadAction\",\"target\":[\"https:\\\/\\\/castelldor.com\\\/es\\\/sistema-interno-de-informacion\\\/\"]}]},{\"@type\":\"BreadcrumbList\",\"@id\":\"https:\\\/\\\/castelldor.com\\\/es\\\/sistema-interno-de-informacion\\\/#breadcrumb\",\"itemListElement\":[{\"@type\":\"ListItem\",\"position\":1,\"name\":\"Inici\",\"item\":\"https:\\\/\\\/castelldor.com\\\/es\\\/\"},{\"@type\":\"ListItem\",\"position\":2,\"name\":\"Sistema Interno de Informaci\u00f3n\"}]},{\"@type\":\"WebSite\",\"@id\":\"https:\\\/\\\/castelldor.com\\\/es\\\/#website\",\"url\":\"https:\\\/\\\/castelldor.com\\\/es\\\/\",\"name\":\"Castell d&#039;Or\",\"description\":\"Love people, Love wine\",\"publisher\":{\"@id\":\"https:\\\/\\\/castelldor.com\\\/es\\\/#organization\"},\"potentialAction\":[{\"@type\":\"SearchAction\",\"target\":{\"@type\":\"EntryPoint\",\"urlTemplate\":\"https:\\\/\\\/castelldor.com\\\/es\\\/?s={search_term_string}\"},\"query-input\":{\"@type\":\"PropertyValueSpecification\",\"valueRequired\":true,\"valueName\":\"search_term_string\"}}],\"inLanguage\":\"es\"},{\"@type\":\"Organization\",\"@id\":\"https:\\\/\\\/castelldor.com\\\/es\\\/#organization\",\"name\":\"Castell d'Or\",\"url\":\"https:\\\/\\\/castelldor.com\\\/es\\\/\",\"logo\":{\"@type\":\"ImageObject\",\"inLanguage\":\"es\",\"@id\":\"https:\\\/\\\/castelldor.com\\\/es\\\/#\\\/schema\\\/logo\\\/image\\\/\",\"url\":\"https:\\\/\\\/castelldor.com\\\/wp-content\\\/uploads\\\/2022\\\/08\\\/Castell-dor-blanc.svg\",\"contentUrl\":\"https:\\\/\\\/castelldor.com\\\/wp-content\\\/uploads\\\/2022\\\/08\\\/Castell-dor-blanc.svg\",\"width\":169,\"height\":61,\"caption\":\"Castell d'Or\"},\"image\":{\"@id\":\"https:\\\/\\\/castelldor.com\\\/es\\\/#\\\/schema\\\/logo\\\/image\\\/\"}}]}<\/script>\n<!-- \/ Yoast SEO plugin. -->","yoast_head_json":{"title":"Sistema Interno de Informaci\u00f3n | Castell d&#039;Or","description":"Entra i informa't sobre la nostra pol\u00edtica de devolucions i reemborsament. Accedeix i troba tota la informaci\u00f3 necess\u00e0ria.","robots":{"index":"noindex","follow":"follow"},"og_locale":"es_ES","og_type":"article","og_title":"Sistema Interno de Informaci\u00f3n | Castell d&#039;Or","og_description":"Entra i informa't sobre la nostra pol\u00edtica de devolucions i reemborsament. Accedeix i troba tota la informaci\u00f3 necess\u00e0ria.","og_url":"https:\/\/castelldor.com\/es\/sistema-interno-de-informacion\/","og_site_name":"Castell d&#039;Or","article_modified_time":"2024-03-08T08:41:23+00:00","twitter_card":"summary_large_image","twitter_misc":{"Tiempo de lectura":"4 minutos"},"schema":{"@context":"https:\/\/schema.org","@graph":[{"@type":"WebPage","@id":"https:\/\/castelldor.com\/es\/sistema-interno-de-informacion\/","url":"https:\/\/castelldor.com\/es\/sistema-interno-de-informacion\/","name":"Sistema Interno de Informaci\u00f3n | Castell d&#039;Or","isPartOf":{"@id":"https:\/\/castelldor.com\/es\/#website"},"datePublished":"2024-03-07T12:52:59+00:00","dateModified":"2024-03-08T08:41:23+00:00","description":"Entra i informa't sobre la nostra pol\u00edtica de devolucions i reemborsament. Accedeix i troba tota la informaci\u00f3 necess\u00e0ria.","breadcrumb":{"@id":"https:\/\/castelldor.com\/es\/sistema-interno-de-informacion\/#breadcrumb"},"inLanguage":"es","potentialAction":[{"@type":"ReadAction","target":["https:\/\/castelldor.com\/es\/sistema-interno-de-informacion\/"]}]},{"@type":"BreadcrumbList","@id":"https:\/\/castelldor.com\/es\/sistema-interno-de-informacion\/#breadcrumb","itemListElement":[{"@type":"ListItem","position":1,"name":"Inici","item":"https:\/\/castelldor.com\/es\/"},{"@type":"ListItem","position":2,"name":"Sistema Interno de Informaci\u00f3n"}]},{"@type":"WebSite","@id":"https:\/\/castelldor.com\/es\/#website","url":"https:\/\/castelldor.com\/es\/","name":"Castell d&#039;Or","description":"Love people, Love wine","publisher":{"@id":"https:\/\/castelldor.com\/es\/#organization"},"potentialAction":[{"@type":"SearchAction","target":{"@type":"EntryPoint","urlTemplate":"https:\/\/castelldor.com\/es\/?s={search_term_string}"},"query-input":{"@type":"PropertyValueSpecification","valueRequired":true,"valueName":"search_term_string"}}],"inLanguage":"es"},{"@type":"Organization","@id":"https:\/\/castelldor.com\/es\/#organization","name":"Castell d'Or","url":"https:\/\/castelldor.com\/es\/","logo":{"@type":"ImageObject","inLanguage":"es","@id":"https:\/\/castelldor.com\/es\/#\/schema\/logo\/image\/","url":"https:\/\/castelldor.com\/wp-content\/uploads\/2022\/08\/Castell-dor-blanc.svg","contentUrl":"https:\/\/castelldor.com\/wp-content\/uploads\/2022\/08\/Castell-dor-blanc.svg","width":169,"height":61,"caption":"Castell d'Or"},"image":{"@id":"https:\/\/castelldor.com\/es\/#\/schema\/logo\/image\/"}}]}},"_links":{"self":[{"href":"https:\/\/castelldor.com\/es\/wp-json\/wp\/v2\/pages\/135491","targetHints":{"allow":["GET"]}}],"collection":[{"href":"https:\/\/castelldor.com\/es\/wp-json\/wp\/v2\/pages"}],"about":[{"href":"https:\/\/castelldor.com\/es\/wp-json\/wp\/v2\/types\/page"}],"author":[{"embeddable":true,"href":"https:\/\/castelldor.com\/es\/wp-json\/wp\/v2\/users\/1"}],"replies":[{"embeddable":true,"href":"https:\/\/castelldor.com\/es\/wp-json\/wp\/v2\/comments?post=135491"}],"version-history":[{"count":28,"href":"https:\/\/castelldor.com\/es\/wp-json\/wp\/v2\/pages\/135491\/revisions"}],"predecessor-version":[{"id":135543,"href":"https:\/\/castelldor.com\/es\/wp-json\/wp\/v2\/pages\/135491\/revisions\/135543"}],"wp:attachment":[{"href":"https:\/\/castelldor.com\/es\/wp-json\/wp\/v2\/media?parent=135491"}],"curies":[{"name":"wp","href":"https:\/\/api.w.org\/{rel}","templated":true}]}}