{"id":127327,"date":"2022-08-03T11:39:51","date_gmt":"2022-08-03T09:39:51","guid":{"rendered":"https:\/\/castelldor.com\/avis-legal\/"},"modified":"2023-03-31T10:19:11","modified_gmt":"2023-03-31T08:19:11","slug":"legal-notice","status":"publish","type":"page","link":"https:\/\/castelldor.com\/en\/legal-notice\/","title":{"rendered":"Legal Notice"},"content":{"rendered":"\t\t<div data-elementor-type=\"wp-page\" data-elementor-id=\"127327\" class=\"elementor elementor-127327 elementor-4270\" data-elementor-post-type=\"page\">\n\t\t\t\t\t\t<section data-particle_enable=\"false\" data-particle-mobile-disabled=\"false\" data-dce-background-image-url=\"https:\/\/castelldor.com\/wp-content\/uploads\/2022\/07\/pexels-valeria-boltneva-1123260-scaled.jpg\" class=\"elementor-section elementor-top-section elementor-element elementor-element-ce112ac elementor-section-height-min-height elementor-section-boxed elementor-section-height-default elementor-section-items-middle\" data-id=\"ce112ac\" data-element_type=\"section\" data-e-type=\"section\" data-settings=\"{&quot;background_background&quot;:&quot;classic&quot;}\">\n\t\t\t\t\t\t\t<div class=\"elementor-background-overlay\"><\/div>\n\t\t\t\t\t\t\t<div class=\"elementor-container elementor-column-gap-default\">\n\t\t\t\t\t<div class=\"elementor-column elementor-col-100 elementor-top-column elementor-element elementor-element-d50452d\" data-id=\"d50452d\" data-element_type=\"column\" data-e-type=\"column\" data-settings=\"{&quot;motion_fx_motion_fx_scrolling&quot;:&quot;yes&quot;,&quot;motion_fx_devices&quot;:[&quot;desktop&quot;]}\">\n\t\t\t<div class=\"elementor-widget-wrap elementor-element-populated\">\n\t\t\t\t\t\t<div data-dce-title-color=\"#FFFFFF\" class=\"elementor-element elementor-element-5c8f7b7 animated-slow elementor-invisible elementor-widget elementor-widget-heading\" data-id=\"5c8f7b7\" data-element_type=\"widget\" data-e-type=\"widget\" data-settings=\"{&quot;_animation&quot;:&quot;fadeIn&quot;}\" data-widget_type=\"heading.default\">\n\t\t\t\t<div class=\"elementor-widget-container\">\n\t\t\t\t\t<h2 class=\"elementor-heading-title elementor-size-default\">Legal Notice<\/h2>\t\t\t\t<\/div>\n\t\t\t\t<\/div>\n\t\t\t\t\t<\/div>\n\t\t<\/div>\n\t\t\t\t\t<\/div>\n\t\t<\/section>\n\t\t\t\t<section data-particle_enable=\"false\" data-particle-mobile-disabled=\"false\" class=\"elementor-section elementor-top-section elementor-element elementor-element-5dbc367 elementor-section-boxed elementor-section-height-default elementor-section-height-default\" data-id=\"5dbc367\" data-element_type=\"section\" data-e-type=\"section\">\n\t\t\t\t\t\t<div class=\"elementor-container elementor-column-gap-default\">\n\t\t\t\t\t<div class=\"elementor-column elementor-col-100 elementor-top-column elementor-element elementor-element-472d0b2\" data-id=\"472d0b2\" data-element_type=\"column\" data-e-type=\"column\">\n\t\t\t<div class=\"elementor-widget-wrap elementor-element-populated\">\n\t\t\t\t\t\t<div data-dce-text-color=\"#959393\" class=\"elementor-element elementor-element-6031b74 animated-slow elementor-invisible elementor-widget elementor-widget-text-editor\" data-id=\"6031b74\" data-element_type=\"widget\" data-e-type=\"widget\" data-settings=\"{&quot;_animation&quot;:&quot;fadeIn&quot;}\" data-widget_type=\"text-editor.default\">\n\t\t\t\t<div class=\"elementor-widget-container\">\n\t\t\t\t\t\t\t\t\t<p><strong>Identificaci\u00f3<\/strong><br \/>En compliment amb el deure d\u2019informaci\u00f3 recollit a l\u2019article 10 de la Llei 34\/2002, d\u201911 de juliol, de Serveis de la Societat de la Informaci\u00f3 i del Comer\u00e7 Electr\u00f2nic,CASTELL D\u2019OR, S.L. (CASTELL D\u2019OR, S.L.), l\u2019informa que les dades aqu\u00ed consignades corresponen a l\u2019entitat titular del lloc web\u00a0<a href=\"https:\/\/castelldor.com\/\">www.castelldor.com<\/a><br \/><strong>Denominaci\u00f3:<\/strong>\u00a0CASTELL D\u2019OR, S.L.<br \/><strong>Domicili:<\/strong>\u00a0Crta. de Santes Creus s\/n. Cp: 43814 Vila-rodona. Tarragona.<i class=\"fa fa-phone\" aria-hidden=\"true\"><\/i><br \/><strong>Tel\u00e8fon:<\/strong>\u00a0+ 34 977 45 98 60<br \/><strong>Email<\/strong>: castelldor@castelldor.com<br \/><strong>CIF:<\/strong>\u00a0B43821149<br \/>Inscripci\u00f3 registral: \u00a0Tom44150 \u2013 Foli 0021 \u2013 Secc. General. Full 448 175 \u2013 Inscrip 11<\/p><p><strong>Propietat intel\u00b7lectual i industrial<\/strong><br \/>Tots els drets de Propietat Industrial i Intel\u00b7lectual de la totalitat d\u2019elements contiguts en aquest lloc web, incloses les marques comercials, formats, dissenys gr\u00e0fics, textos, imatges i documents, pertanyen a CASTELL D\u2019OR, S.L. i es troben protegits per les lleis espanyoles i internacionals sobre propietat intel\u00b7lectual i industrial. Resta expressament prohibida la reproducci\u00f3 total o parcial d\u2019aquest lloc Web i de qualsevol dels seus continguts sense el prem\u00eds expr\u00e9s i per escrit de CASTELL D\u2019OR, S.L..<\/p><p>L\u2019acc\u00e9s al lloc web no implica cap tipus de ren\u00fancia, transmissi\u00f3, llic\u00e8ncia o cessi\u00f3 de drets per part de CASTELL D\u2019OR, S.L., llevat que s\u2019estableixi expressament el contrari.<\/p><p><strong>Condicions d\u2019\u00fas<\/strong><br \/>L\u2019acc\u00e9s a aquest lloc Web implica l\u2019acceptaci\u00f3 d\u2019aquestes condicions d\u2019\u00fas sense reserves, les quals regulen l\u2019acc\u00e9s i la utilitzaci\u00f3 del mateix amb la finalitat de posar a disposici\u00f3 dels usuaris informaci\u00f3 sobre els nostres productes.<\/p><p>Es prohibeix expressament la utilitzaci\u00f3 dels continguts d\u2019aquest lloc Web amb finalitats comercials o per a la seva distribuci\u00f3, transformaci\u00f3 o comunicaci\u00f3.<br \/>CASTELL D\u2019OR, S.L., no respondr\u00e0 de cap conseq\u00fc\u00e8ncia, dany o perjudici que pugui derivar-se d\u2019aquesta utilitzaci\u00f3 o \u00fas de la informaci\u00f3.<br \/>CASTELL D\u2019OR, S.L. P. 3 CASTELL D\u2019OR, S.L.<br \/>Tant l\u2019acc\u00e9s a aquesta Web com l\u2019\u00fas que pugui fer-se de la informaci\u00f3 continguda en ella \u00e9s de l\u2019exclusiva responsabilitat de qui ho realitza.<\/p><p>L\u2019usuari s\u2019obliga a no fer servir la informaci\u00f3 que es publica a aquesta Web amb finalitats o efectes il\u00b7l\u00edcits o lesius, a no fer malb\u00e9 o inutilitzar la informaci\u00f3 i a no dur a terme cap altra acci\u00f3 que pugui ser contr\u00e0ria al contingut d\u2019aques Av\u00eds Legal.<\/p><p>CASTELL D\u2019OR, S.L. no pot assegurar la inexist\u00e8ncia d\u2019interrupcions o errades en l\u2019acc\u00e9s a aquest lloc WEb, encara que posar\u00e0 tots els esfor\u00e7os per tal d\u2019evitar-los.<\/p><p><strong>Enlla\u00e7os a altres webs<\/strong><br \/>Els enlla\u00e7os (links) que pugui trobar en aquest Web s\u00f3n un servei als usuaris. Aquestes p\u00e0gines no s\u00f3n operades ni controlades per CASTELL D\u2019OR, S.L., per aix\u00f2, no es fa responsable dels continguts d\u2019aquests llocs Web ni estan cobertes pel present Av\u00eds Legal. Si accedeix a aquestes p\u00e0gines Web haur\u00e0 de tenir en compte que les seves pol\u00edtiques de privacitat poder ser diferents de la nostra.<\/p><p><strong>Legislaci\u00f3 aplicable i compet\u00e8ncia jurisdiccional<\/strong><br \/>El present Av\u00eds Legal es regeix per la normativa espanyola vigent que li \u00e9s d\u2019aplicaci\u00f3.<br \/>Per a la resoluci\u00f3 de les controv\u00e8rsies que poguessin derivar-se com a conseq\u00fc\u00e8ncia d\u2019all\u00f2 disposat a les presents isposicions i sobre la seva interpretaci\u00f3, aplicaci\u00f3 i compliment, l\u2019usuari, en virtud del que es disposa a les presents disposicions i sobre la seva interpretaci\u00f3, aplicaci\u00f3 i compliment, l\u2019usuari, en vitutd de l\u2019acceptaci\u00f3 de les condicions recollides en aquest Av\u00eds Legal, renuncia expresament a qualsevol altre fur que pugui correspondre-li.<\/p><p>En qualsevol cas, dins la jurisdicci\u00f3 espanyola, si la legislaci\u00f3 permet\u00e9s sotmetre\u2019s a un fur concret, l\u2019usuari renuncia expressament al fur que li pogu\u00e9s correspondre i es sotmet volunt\u00e0riament a la jurisdicci\u00f3 dels Jutjats i Tribunals de Vilafranca del Pened\u00e8s.<\/p>\t\t\t\t\t\t\t\t<\/div>\n\t\t\t\t<\/div>\n\t\t\t\t\t<\/div>\n\t\t<\/div>\n\t\t\t\t\t<\/div>\n\t\t<\/section>\n\t\t\t\t<\/div>\n\t\t","protected":false},"excerpt":{"rendered":"<p>Identificaci\u00f3 En compliment amb el deure d\u2019informaci\u00f3 recollit a l\u2019article 10 de la Llei 34\/2002, d\u201911 de juliol, de Serveis de la Societat de la Informaci\u00f3 i del Comer\u00e7 Electr\u00f2nic,CASTELL D\u2019OR, S.L. (CASTELL D\u2019OR, S.L.), l\u2019informa que les dades aqu\u00ed consignades corresponen a l\u2019entitat titular del lloc web\u00a0www.castelldor.com Denominaci\u00f3:\u00a0CASTELL D\u2019OR, S.L. Domicili:\u00a0Crta. de Santes Creus&hellip;&nbsp;<a href=\"https:\/\/castelldor.com\/en\/legal-notice\/\" rel=\"bookmark\">Read More &raquo;<span class=\"screen-reader-text\">Legal Notice<\/span><\/a><\/p>\n","protected":false},"author":1,"featured_media":0,"parent":0,"menu_order":0,"comment_status":"closed","ping_status":"closed","template":"elementor_header_footer","meta":{"_acf_changed":false,"inline_featured_image":false,"neve_meta_sidebar":"","neve_meta_container":"","neve_meta_enable_content_width":"off","neve_meta_content_width":100,"neve_meta_title_alignment":"","neve_meta_author_avatar":"","neve_post_elements_order":"","neve_meta_disable_header":"","neve_meta_disable_footer":"","neve_meta_disable_title":"","neve_meta_reading_time":"","footnotes":""},"class_list":["post-127327","page","type-page","status-publish","hentry"],"acf":[],"yoast_head":"<!-- This site is optimized with the Yoast SEO plugin v27.4 - https:\/\/yoast.com\/product\/yoast-seo-wordpress\/ -->\n<title>Legal Notice | Castell d&#039;Or<\/title>\n<meta name=\"description\" content=\"Entra e inf\u00f3rmate sobre nuestra pol\u00edtica de devoluciones y reembolso. Accede y encuentra toda la informaci\u00f3n necesaria.\" \/>\n<meta name=\"robots\" content=\"noindex, follow\" \/>\n<meta property=\"og:locale\" content=\"en_US\" \/>\n<meta property=\"og:type\" content=\"article\" \/>\n<meta property=\"og:title\" content=\"Legal Notice | Castell d&#039;Or\" \/>\n<meta property=\"og:description\" content=\"Entra e inf\u00f3rmate sobre nuestra pol\u00edtica de devoluciones y reembolso. Accede y encuentra toda la informaci\u00f3n necesaria.\" \/>\n<meta property=\"og:url\" content=\"https:\/\/castelldor.com\/en\/legal-notice\/\" \/>\n<meta property=\"og:site_name\" content=\"Castell d&#039;Or\" \/>\n<meta property=\"article:modified_time\" content=\"2023-03-31T08:19:11+00:00\" \/>\n<meta name=\"twitter:card\" content=\"summary_large_image\" \/>\n<meta name=\"twitter:label1\" content=\"Est. reading time\" \/>\n\t<meta name=\"twitter:data1\" content=\"4 minutes\" \/>\n<script type=\"application\/ld+json\" class=\"yoast-schema-graph\">{\"@context\":\"https:\\\/\\\/schema.org\",\"@graph\":[{\"@type\":\"WebPage\",\"@id\":\"https:\\\/\\\/castelldor.com\\\/en\\\/legal-notice\\\/\",\"url\":\"https:\\\/\\\/castelldor.com\\\/en\\\/legal-notice\\\/\",\"name\":\"Legal Notice | Castell d&#039;Or\",\"isPartOf\":{\"@id\":\"https:\\\/\\\/castelldor.com\\\/en\\\/#website\"},\"datePublished\":\"2022-08-03T09:39:51+00:00\",\"dateModified\":\"2023-03-31T08:19:11+00:00\",\"description\":\"Entra e inf\u00f3rmate sobre nuestra pol\u00edtica de devoluciones y reembolso. Accede y encuentra toda la informaci\u00f3n necesaria.\",\"breadcrumb\":{\"@id\":\"https:\\\/\\\/castelldor.com\\\/en\\\/legal-notice\\\/#breadcrumb\"},\"inLanguage\":\"en-US\",\"potentialAction\":[{\"@type\":\"ReadAction\",\"target\":[\"https:\\\/\\\/castelldor.com\\\/en\\\/legal-notice\\\/\"]}]},{\"@type\":\"BreadcrumbList\",\"@id\":\"https:\\\/\\\/castelldor.com\\\/en\\\/legal-notice\\\/#breadcrumb\",\"itemListElement\":[{\"@type\":\"ListItem\",\"position\":1,\"name\":\"Inici\",\"item\":\"https:\\\/\\\/castelldor.com\\\/en\\\/\"},{\"@type\":\"ListItem\",\"position\":2,\"name\":\"Legal Notice\"}]},{\"@type\":\"WebSite\",\"@id\":\"https:\\\/\\\/castelldor.com\\\/en\\\/#website\",\"url\":\"https:\\\/\\\/castelldor.com\\\/en\\\/\",\"name\":\"Castell d&#039;Or\",\"description\":\"Love people, Love wine\",\"publisher\":{\"@id\":\"https:\\\/\\\/castelldor.com\\\/en\\\/#organization\"},\"potentialAction\":[{\"@type\":\"SearchAction\",\"target\":{\"@type\":\"EntryPoint\",\"urlTemplate\":\"https:\\\/\\\/castelldor.com\\\/en\\\/?s={search_term_string}\"},\"query-input\":{\"@type\":\"PropertyValueSpecification\",\"valueRequired\":true,\"valueName\":\"search_term_string\"}}],\"inLanguage\":\"en-US\"},{\"@type\":\"Organization\",\"@id\":\"https:\\\/\\\/castelldor.com\\\/en\\\/#organization\",\"name\":\"Castell d'Or\",\"url\":\"https:\\\/\\\/castelldor.com\\\/en\\\/\",\"logo\":{\"@type\":\"ImageObject\",\"inLanguage\":\"en-US\",\"@id\":\"https:\\\/\\\/castelldor.com\\\/en\\\/#\\\/schema\\\/logo\\\/image\\\/\",\"url\":\"https:\\\/\\\/castelldor.com\\\/wp-content\\\/uploads\\\/2022\\\/08\\\/Castell-dor-blanc.svg\",\"contentUrl\":\"https:\\\/\\\/castelldor.com\\\/wp-content\\\/uploads\\\/2022\\\/08\\\/Castell-dor-blanc.svg\",\"width\":169,\"height\":61,\"caption\":\"Castell d'Or\"},\"image\":{\"@id\":\"https:\\\/\\\/castelldor.com\\\/en\\\/#\\\/schema\\\/logo\\\/image\\\/\"}}]}<\/script>\n<!-- \/ Yoast SEO plugin. -->","yoast_head_json":{"title":"Legal Notice | Castell d&#039;Or","description":"Entra e inf\u00f3rmate sobre nuestra pol\u00edtica de devoluciones y reembolso. Accede y encuentra toda la informaci\u00f3n necesaria.","robots":{"index":"noindex","follow":"follow"},"og_locale":"en_US","og_type":"article","og_title":"Legal Notice | Castell d&#039;Or","og_description":"Entra e inf\u00f3rmate sobre nuestra pol\u00edtica de devoluciones y reembolso. Accede y encuentra toda la informaci\u00f3n necesaria.","og_url":"https:\/\/castelldor.com\/en\/legal-notice\/","og_site_name":"Castell d&#039;Or","article_modified_time":"2023-03-31T08:19:11+00:00","twitter_card":"summary_large_image","twitter_misc":{"Est. reading time":"4 minutes"},"schema":{"@context":"https:\/\/schema.org","@graph":[{"@type":"WebPage","@id":"https:\/\/castelldor.com\/en\/legal-notice\/","url":"https:\/\/castelldor.com\/en\/legal-notice\/","name":"Legal Notice | Castell d&#039;Or","isPartOf":{"@id":"https:\/\/castelldor.com\/en\/#website"},"datePublished":"2022-08-03T09:39:51+00:00","dateModified":"2023-03-31T08:19:11+00:00","description":"Entra e inf\u00f3rmate sobre nuestra pol\u00edtica de devoluciones y reembolso. Accede y encuentra toda la informaci\u00f3n necesaria.","breadcrumb":{"@id":"https:\/\/castelldor.com\/en\/legal-notice\/#breadcrumb"},"inLanguage":"en-US","potentialAction":[{"@type":"ReadAction","target":["https:\/\/castelldor.com\/en\/legal-notice\/"]}]},{"@type":"BreadcrumbList","@id":"https:\/\/castelldor.com\/en\/legal-notice\/#breadcrumb","itemListElement":[{"@type":"ListItem","position":1,"name":"Inici","item":"https:\/\/castelldor.com\/en\/"},{"@type":"ListItem","position":2,"name":"Legal Notice"}]},{"@type":"WebSite","@id":"https:\/\/castelldor.com\/en\/#website","url":"https:\/\/castelldor.com\/en\/","name":"Castell d&#039;Or","description":"Love people, Love wine","publisher":{"@id":"https:\/\/castelldor.com\/en\/#organization"},"potentialAction":[{"@type":"SearchAction","target":{"@type":"EntryPoint","urlTemplate":"https:\/\/castelldor.com\/en\/?s={search_term_string}"},"query-input":{"@type":"PropertyValueSpecification","valueRequired":true,"valueName":"search_term_string"}}],"inLanguage":"en-US"},{"@type":"Organization","@id":"https:\/\/castelldor.com\/en\/#organization","name":"Castell d'Or","url":"https:\/\/castelldor.com\/en\/","logo":{"@type":"ImageObject","inLanguage":"en-US","@id":"https:\/\/castelldor.com\/en\/#\/schema\/logo\/image\/","url":"https:\/\/castelldor.com\/wp-content\/uploads\/2022\/08\/Castell-dor-blanc.svg","contentUrl":"https:\/\/castelldor.com\/wp-content\/uploads\/2022\/08\/Castell-dor-blanc.svg","width":169,"height":61,"caption":"Castell d'Or"},"image":{"@id":"https:\/\/castelldor.com\/en\/#\/schema\/logo\/image\/"}}]}},"_links":{"self":[{"href":"https:\/\/castelldor.com\/en\/wp-json\/wp\/v2\/pages\/127327","targetHints":{"allow":["GET"]}}],"collection":[{"href":"https:\/\/castelldor.com\/en\/wp-json\/wp\/v2\/pages"}],"about":[{"href":"https:\/\/castelldor.com\/en\/wp-json\/wp\/v2\/types\/page"}],"author":[{"embeddable":true,"href":"https:\/\/castelldor.com\/en\/wp-json\/wp\/v2\/users\/1"}],"replies":[{"embeddable":true,"href":"https:\/\/castelldor.com\/en\/wp-json\/wp\/v2\/comments?post=127327"}],"version-history":[{"count":3,"href":"https:\/\/castelldor.com\/en\/wp-json\/wp\/v2\/pages\/127327\/revisions"}],"predecessor-version":[{"id":127330,"href":"https:\/\/castelldor.com\/en\/wp-json\/wp\/v2\/pages\/127327\/revisions\/127330"}],"wp:attachment":[{"href":"https:\/\/castelldor.com\/en\/wp-json\/wp\/v2\/media?parent=127327"}],"curies":[{"name":"wp","href":"https:\/\/api.w.org\/{rel}","templated":true}]}}